{"id":3258,"date":"2021-09-03T08:44:07","date_gmt":"2021-09-03T08:44:07","guid":{"rendered":"https:\/\/bere.capranoastra.ro\/ro\/?page_id=3258"},"modified":"2021-09-04T17:02:51","modified_gmt":"2021-09-04T17:02:51","slug":"artwork-bounty","status":"publish","type":"page","link":"https:\/\/bere.capranoastra.ro\/ro\/artwork-bounty\/","title":{"rendered":"Artwork Bounty"},"content":{"rendered":"<p>[vc_row hide_bg_image_on_tablet=&#8221;&#8221; hide_bg_image_on_mobile=&#8221;&#8221;][vc_column icons_position=&#8221;left&#8221;][\/vc_column][\/vc_row][vc_row full_width=&#8221;stretch_row&#8221; equal_height=&#8221;yes&#8221; content_placement=&#8221;middle&#8221; hide_bg_image_on_tablet=&#8221;&#8221; hide_bg_image_on_mobile=&#8221;1&#8243; css=&#8221;.vc_custom_1630559210264{background-size: cover !important;}&#8221;][vc_column icons_position=&#8221;left&#8221;][vc_empty_space height=&#8221;5em&#8221; alter_height=&#8221;none&#8221; hide_on_desktop=&#8221;&#8221; hide_on_notebook=&#8221;&#8221; hide_on_tablet=&#8221;&#8221; hide_on_mobile=&#8221;&#8221;][vc_empty_space height=&#8221;5em&#8221; alter_height=&#8221;none&#8221; hide_on_desktop=&#8221;&#8221; hide_on_notebook=&#8221;&#8221; hide_on_tablet=&#8221;1&#8243; hide_on_mobile=&#8221;1&#8243;][\/vc_column][vc_column width=&#8221;4\/12&#8243; icons_position=&#8221;left&#8221;]<div id=\"sc_title_480519453\"\n\t\tclass=\"sc_title color_style_default sc_title_default\"><h2 class=\"sc_item_title sc_title_title sc_align_left sc_item_title_style_default sc_item_title_tag\">ArtWork Bounty<\/h2><div class=\"sc_item_button sc_button_wrap sc_align_left\"><a href=\"https:\/\/exchange.pancakeswap.finance\/#\/swap?outputCurrency=0x425e339793f1930c3b44c39cb1a8695114b3f94c\" id=\"sc_button_175481020\" class=\"sc_button color_style_default sc_button_default sc_item_button sc_item_button_default sc_title_button sc_button_size_normal sc_button_icon_left\"><span class=\"sc_button_text\"><span class=\"sc_button_title\">Cumpara $BERE<\/span><\/span><!-- \/.sc_button_text --><\/a><!-- \/.sc_button --><\/div><!-- \/.sc_item_button --><\/div><!-- \/.sc_title -->[\/vc_column][vc_column width=&#8221;4\/12&#8243; icons_position=&#8221;left&#8221;][\/vc_column][vc_column width=&#8221;4\/12&#8243; icons_position=&#8221;left&#8221;][vc_empty_space height=&#8221;2em&#8221; alter_height=&#8221;none&#8221; hide_on_desktop=&#8221;1&#8243; hide_on_notebook=&#8221;1&#8243; hide_on_tablet=&#8221;1&#8243; hide_on_mobile=&#8221;&#8221;]<div id=\"sc_icons_410096346\" \n\tclass=\"sc_icons sc_icons_light sc_icons_size_small sc_align_left\"><div class=\"sc_icons_item\"><div id=\"sc_icons_410096346_icon-eye-light\" class=\"sc_icons_icon sc_icon_type_ icon-eye-light\"\n\t\t\t\t\t\t\t\t\t\t\t\t><span class=\"sc_icon_type_ icon-eye-light\"><\/span><\/div><h4 class=\"sc_icons_item_title\"><span>Art Bounty<\/span><\/h4><div class=\"sc_icons_item_description\"><span>Suntem m\u00e2ndri c\u0103 sus\u021binem ingeniozitatea \u00een toate formele sale. Comunitatea Capra Noastra este alc\u0103tuita din indivizi talenta\u021bi care s-au unit pentru a construi ceva remarcabil \u0219i sus\u021binem acest lucru cultiv\u00e2nd un mediu care \u00eencurajeaz\u0103 creativitatea \u0219i cre\u0219terea.  Acesta este doar un alt mod de a-i \u00eencuraja pe al\u021bii s\u0103 ias\u0103 \u00een afara limitelor preconcepute \u0219i a reglement\u0103rilor \u0219i s\u0103 experimenteze ce \u00eenseamn\u0103 s\u0103 fii parte a mi\u0219c\u0103rii noastre descentralizate.<\/span><\/div><\/div><\/div><!-- \/.sc_icons -->[\/vc_column][vc_column icons_position=&#8221;left&#8221;][vc_empty_space height=&#8221;5em&#8221; alter_height=&#8221;none&#8221; hide_on_desktop=&#8221;&#8221; hide_on_notebook=&#8221;&#8221; hide_on_tablet=&#8221;1&#8243; hide_on_mobile=&#8221;1&#8243;][\/vc_column][\/vc_row]<\/p>\n","protected":false},"excerpt":{"rendered":"<p>[vc_row hide_bg_image_on_tablet=&#8221;&#8221; hide_bg_image_on_mobile=&#8221;&#8221;][vc_column icons_position=&#8221;left&#8221;][\/vc_column][\/vc_row][vc_row full_width=&#8221;stretch_row&#8221; equal_height=&#8221;yes&#8221; content_placement=&#8221;middle&#8221; hide_bg_image_on_tablet=&#8221;&#8221; hide_bg_image_on_mobile=&#8221;1&#8243; css=&#8221;.vc_custom_1630559210264{background-size: cover !important;}&#8221;][vc_column icons_position=&#8221;left&#8221;][vc_empty_space height=&#8221;5em&#8221; alter_height=&#8221;none&#8221; hide_on_desktop=&#8221;&#8221; hide_on_notebook=&#8221;&#8221; hide_on_tablet=&#8221;&#8221; hide_on_mobile=&#8221;&#8221;][vc_empty_space height=&#8221;5em&#8221; alter_height=&#8221;none&#8221; hide_on_desktop=&#8221;&#8221; hide_on_notebook=&#8221;&#8221; hide_on_tablet=&#8221;1&#8243; hide_on_mobile=&#8221;1&#8243;][\/vc_column][vc_column width=&#8221;4\/12&#8243; icons_position=&#8221;left&#8221;][\/vc_column][vc_column width=&#8221;4\/12&#8243; icons_position=&#8221;left&#8221;][\/vc_column][vc_column width=&#8221;4\/12&#8243; icons_position=&#8221;left&#8221;][vc_empty_space height=&#8221;2em&#8221; alter_height=&#8221;none&#8221; hide_on_desktop=&#8221;1&#8243; hide_on_notebook=&#8221;1&#8243; hide_on_tablet=&#8221;1&#8243; hide_on_mobile=&#8221;&#8221;][\/vc_column][vc_column icons_position=&#8221;left&#8221;][vc_empty_space height=&#8221;5em&#8221; alter_height=&#8221;none&#8221; hide_on_desktop=&#8221;&#8221; hide_on_notebook=&#8221;&#8221; hide_on_tablet=&#8221;1&#8243; hide_on_mobile=&#8221;1&#8243;][\/vc_column][\/vc_row]<\/p>\n","protected":false},"author":1,"featured_media":0,"parent":0,"menu_order":0,"comment_status":"closed","ping_status":"closed","template":"","meta":{"footnotes":""},"class_list":["post-3258","page","type-page","status-publish","hentry"],"_links":{"self":[{"href":"https:\/\/bere.capranoastra.ro\/ro\/wp-json\/wp\/v2\/pages\/3258","targetHints":{"allow":["GET"]}}],"collection":[{"href":"https:\/\/bere.capranoastra.ro\/ro\/wp-json\/wp\/v2\/pages"}],"about":[{"href":"https:\/\/bere.capranoastra.ro\/ro\/wp-json\/wp\/v2\/types\/page"}],"author":[{"embeddable":true,"href":"https:\/\/bere.capranoastra.ro\/ro\/wp-json\/wp\/v2\/users\/1"}],"replies":[{"embeddable":true,"href":"https:\/\/bere.capranoastra.ro\/ro\/wp-json\/wp\/v2\/comments?post=3258"}],"version-history":[{"count":5,"href":"https:\/\/bere.capranoastra.ro\/ro\/wp-json\/wp\/v2\/pages\/3258\/revisions"}],"predecessor-version":[{"id":3330,"href":"https:\/\/bere.capranoastra.ro\/ro\/wp-json\/wp\/v2\/pages\/3258\/revisions\/3330"}],"wp:attachment":[{"href":"https:\/\/bere.capranoastra.ro\/ro\/wp-json\/wp\/v2\/media?parent=3258"}],"curies":[{"name":"wp","href":"https:\/\/api.w.org\/{rel}","templated":true}]}}