{"id":3233,"date":"2021-09-02T14:24:07","date_gmt":"2021-09-02T14:24:07","guid":{"rendered":"https:\/\/bere.capranoastra.ro\/ro\/?page_id=3233"},"modified":"2021-10-12T21:44:33","modified_gmt":"2021-10-12T21:44:33","slug":"home-2","status":"publish","type":"page","link":"https:\/\/bere.capranoastra.ro\/ro\/","title":{"rendered":"Home 2"},"content":{"rendered":"<p>[vc_row full_width=&#8221;stretch_row_content_no_spaces&#8221; equal_height=&#8221;yes&#8221; content_placement=&#8221;middle&#8221; css_animation=&#8221;fadeIn&#8221; hide_bg_image_on_tablet=&#8221;&#8221; hide_bg_image_on_mobile=&#8221;&#8221; css=&#8221;.vc_custom_1630557602673{background-size: cover !important;}&#8221;][vc_column width=&#8221;1\/6&#8243; icons_position=&#8221;left&#8221;][\/vc_column][vc_column width=&#8221;2\/3&#8243; icons_position=&#8221;left&#8221;]<div id=\"sc_content_1580305342\"\n\t\tclass=\"sc_content color_style_default sc_content_default sc_float_center sc_padding_large\"><div class=\"sc_content_container\">[vc_custom_heading text=&#8221;Capra Noastra Token ($BERE)&#8221; font_container=&#8221;tag:h1|font_size:75px|text_align:center&#8221; use_theme_fonts=&#8221;yes&#8221; hide_on_desktop=&#8221;&#8221; hide_on_notebook=&#8221;&#8221; hide_on_tablet=&#8221;&#8221; hide_on_mobile=&#8221;&#8221;][vc_custom_heading text=&#8221;Crezi \u00een bere artizanal\u0103? Cite\u0219ti viitorul banilor \u00een criptomonede? Fii printre primii care de\u021bin token-ul $BERE \u0219i construie\u0219te valoare la dozator!&#8221; font_container=&#8221;tag:h5|font_size:36px|text_align:justify&#8221; use_theme_fonts=&#8221;yes&#8221; css_animation=&#8221;none&#8221; hide_on_desktop=&#8221;&#8221; hide_on_notebook=&#8221;&#8221; hide_on_tablet=&#8221;&#8221; hide_on_mobile=&#8221;&#8221;]<\/div><\/div><!-- \/.sc_content -->[vc_row_inner][vc_column_inner icons_position=&#8221;left&#8221;][\/vc_column_inner][\/vc_row_inner][\/vc_column][vc_column width=&#8221;1\/6&#8243; column_align=&#8221;right&#8221; icons_position=&#8221;right&#8221;]<div id=\"widget_socials_1865130535\" class=\"widget_area sc_widget_socials vc_widget_socials wpb_content_element\"><aside id=\"widget_socials_1865130535_widget\" class=\"widget widget_socials\"><div class=\"socials_wrap sc_align_right\"><a target=\"_blank\" href=\"https:\/\/www.facebook.com\/CapraNoastraToken\" class=\"social_item social_item_style_icons social_item_type_icons\"><span class=\"social_icon social_icon_facebook\"><span class=\"icon-facebook\"><\/span><\/span><\/a><a target=\"_blank\" href=\"https:\/\/t.me\/capranoastra\" class=\"social_item social_item_style_icons social_item_type_icons\"><span class=\"social_icon social_icon_paper-plane-light\"><span class=\"icon-paper-plane-light\"><\/span><\/span><\/a><a target=\"_blank\" href=\"https:\/\/www.instagram.com\/capranoastra\/\" class=\"social_item social_item_style_icons social_item_type_icons\"><span class=\"social_icon social_icon_instagramm\"><span class=\"icon-instagramm\"><\/span><\/span><\/a><a target=\"_blank\" href=\"https:\/\/www.reddit.com\/user\/bereCapranoastra\/\" class=\"social_item social_item_style_icons social_item_type_icons\"><span class=\"social_icon social_icon_reddit\"><span class=\"icon-reddit\"><\/span><\/span><\/a><a target=\"_blank\" href=\"https:\/\/twitter.com\/BNoastra\" class=\"social_item social_item_style_icons social_item_type_icons\"><span class=\"social_icon social_icon_twitter\"><span class=\"icon-twitter\"><\/span><\/span><\/a><\/div><\/aside><\/div>[\/vc_column][vc_column css_animation=&#8221;fadeIn&#8221; icons_position=&#8221;left&#8221;][\/vc_column][\/vc_row][vc_row][vc_column icons_position=&#8221;left&#8221;][\/vc_column][\/vc_row][vc_row full_width=&#8221;stretch_row&#8221; css_animation=&#8221;fadeIn&#8221; hide_bg_image_on_tablet=&#8221;&#8221; hide_bg_image_on_mobile=&#8221;1&#8243; css=&#8221;.vc_custom_1630557797726{background-size: cover !important;}&#8221;][vc_column icons_position=&#8221;left&#8221;][vc_row_inner][vc_column_inner width=&#8221;1\/2&#8243; icons_position=&#8221;left&#8221;][\/vc_column_inner][vc_column_inner width=&#8221;1\/2&#8243; icons_position=&#8221;left&#8221;][vc_custom_heading text=&#8221;Investitorii \u00een criptomonede prefer\u0103 berea artizanal\u0103:&#8221; font_container=&#8221;tag:h1|text_align:left&#8221; use_theme_fonts=&#8221;yes&#8221; hide_on_desktop=&#8221;&#8221; hide_on_notebook=&#8221;&#8221; hide_on_tablet=&#8221;&#8221; hide_on_mobile=&#8221;&#8221;][vc_column_text]<\/p>\n<h3>Revolu\u021bia Blockchain schimb\u0103 complet felul \u00een care interac\u021bion\u0103m cu banii la fel cum microber\u0103riile revolu\u021bioneaz\u0103 industria berii \u0219i gusturile din v\u00e2rful piramidei.<\/h3>\n<p>[\/vc_column_text][vc_empty_space height=&#8221;1em&#8221; alter_height=&#8221;none&#8221; hide_on_desktop=&#8221;&#8221; hide_on_notebook=&#8221;&#8221; hide_on_tablet=&#8221;&#8221; hide_on_mobile=&#8221;&#8221;]<a href=\"https:\/\/bere.capranoastra.ro\/ro\/whitepaper\/\" id=\"sc_button_1987724706\" class=\"sc_button color_style_default sc_button_default sc_button_size_normal sc_button_icon_left\"><span class=\"sc_button_text\"><span class=\"sc_button_title\">Whitepaper<\/span><\/span><!-- \/.sc_button_text --><\/a><!-- \/.sc_button -->[\/vc_column_inner][\/vc_row_inner][vc_row_inner][vc_column_inner width=&#8221;1\/2&#8243; icons_position=&#8221;left&#8221;][vc_custom_heading text=&#8221;Cryptocapra, prima moned\u0103 virtual\u0103 \u00een cinstea unei beri:&#8221; font_container=&#8221;tag:h1|text_align:left&#8221; use_theme_fonts=&#8221;yes&#8221; hide_on_desktop=&#8221;&#8221; hide_on_notebook=&#8221;&#8221; hide_on_tablet=&#8221;&#8221; hide_on_mobile=&#8221;&#8221;][vc_column_text]<\/p>\n<h3>Am \u00eendesat frumu\u0219el tehnologie Blockchain \u00een cadrul unui business<br \/>\ncare-a cucerit iubitorii de bere artizanal\u0103 din Rom\u00e2nia, din 2017 \u0219i-a<br \/>\ns\u0103rit peste grani\u021b\u0103 \u00een 2019.<\/h3>\n<p>[\/vc_column_text][vc_empty_space height=&#8221;1em&#8221; alter_height=&#8221;none&#8221; hide_on_desktop=&#8221;&#8221; hide_on_notebook=&#8221;&#8221; hide_on_tablet=&#8221;&#8221; hide_on_mobile=&#8221;&#8221;]<a href=\"https:\/\/bere.capranoastra.ro\/ro\/whitepaper\/\" id=\"sc_button_1009161763\" class=\"sc_button color_style_default sc_button_default sc_button_size_normal sc_button_icon_left\"><span class=\"sc_button_text\"><span class=\"sc_button_title\">Whitepaper<\/span><\/span><!-- \/.sc_button_text --><\/a><!-- \/.sc_button -->[\/vc_column_inner][vc_column_inner width=&#8221;1\/2&#8243; icons_position=&#8221;left&#8221;][vc_empty_space height=&#8221;0.5em&#8221; alter_height=&#8221;none&#8221; hide_on_desktop=&#8221;&#8221; hide_on_notebook=&#8221;&#8221; hide_on_tablet=&#8221;&#8221; hide_on_mobile=&#8221;&#8221;][\/vc_column_inner][\/vc_row_inner][vc_row_inner][vc_column_inner width=&#8221;1\/2&#8243; icons_position=&#8221;left&#8221;][\/vc_column_inner][vc_column_inner width=&#8221;1\/2&#8243; icons_position=&#8221;left&#8221;][vc_custom_heading text=&#8221;Terminologie pe foarte scurt:&#8221; font_container=&#8221;tag:h1|text_align:left&#8221; use_theme_fonts=&#8221;yes&#8221; hide_on_desktop=&#8221;&#8221; hide_on_notebook=&#8221;&#8221; hide_on_tablet=&#8221;&#8221; hide_on_mobile=&#8221;&#8221;][vc_column_text]<\/p>\n<h3>Cryptocapra este denumirea avatarului Capra Noastr\u0103, care s-a digitalizat. CapraNoastr\u0103\/Token \u0219i $BERE reprezint\u0103 numele \u0219i respectiv simbolul standard de reprezentare al criptomonedei lansate de proiectul Capra Noastr\u0103.<\/h3>\n<p>[\/vc_column_text][vc_empty_space height=&#8221;1em&#8221; alter_height=&#8221;none&#8221; hide_on_desktop=&#8221;&#8221; hide_on_notebook=&#8221;&#8221; hide_on_tablet=&#8221;&#8221; hide_on_mobile=&#8221;&#8221;]<a href=\"https:\/\/bere.capranoastra.ro\/ro\/whitepaper\/\" id=\"sc_button_917772274\" class=\"sc_button color_style_default sc_button_default sc_button_size_normal sc_button_icon_left\"><span class=\"sc_button_text\"><span class=\"sc_button_title\">Whitepaper<\/span><\/span><!-- \/.sc_button_text --><\/a><!-- \/.sc_button -->[vc_empty_space height=&#8221;0.5em&#8221; alter_height=&#8221;none&#8221; hide_on_desktop=&#8221;&#8221; hide_on_notebook=&#8221;&#8221; hide_on_tablet=&#8221;&#8221; hide_on_mobile=&#8221;&#8221;][vc_empty_space hide_on_desktop=&#8221;&#8221; hide_on_notebook=&#8221;&#8221; hide_on_tablet=&#8221;&#8221; hide_on_mobile=&#8221;&#8221;][\/vc_column_inner][\/vc_row_inner][vc_row_inner][vc_column_inner width=&#8221;1\/2&#8243; icons_position=&#8221;left&#8221;][\/vc_column_inner][vc_column_inner width=&#8221;1\/2&#8243; icons_position=&#8221;left&#8221;][\/vc_column_inner][\/vc_row_inner][vc_empty_space height=&#8221;6.85em&#8221; alter_height=&#8221;none&#8221; hide_on_desktop=&#8221;&#8221; hide_on_notebook=&#8221;&#8221; hide_on_tablet=&#8221;1&#8243; hide_on_mobile=&#8221;1&#8243;][vc_empty_space height=&#8221;1em&#8221; alter_height=&#8221;none&#8221; hide_on_desktop=&#8221;&#8221; hide_on_notebook=&#8221;&#8221; hide_on_tablet=&#8221;&#8221; hide_on_mobile=&#8221;&#8221;][vc_column_text]<\/p>\n<h3 style=\"text-align: center;\"><strong>Trade Capra Noastra( $BERE)<\/strong><\/h3>\n<h3 style=\"text-align: center;\"><iframe loading=\"lazy\" id=\"myId\" style=\"border: 0; margin: 0 auto; display: block; border-radius: 10px; max-width: 600px; min-width: 300px;\" src=\"https:\/\/exchange.pancakeswap.finance\/#\/swap?outputCurrency=0x425e339793f1930c3b44c39cb1a8695114b3f94c\" width=\"100%\" height=\"660px\"><span data-mce-type=\"bookmark\" style=\"display: inline-block; width: 0px; overflow: hidden; line-height: 0;\" class=\"mce_SELRES_start\">\ufeff<\/span><\/iframe><\/h3>\n<p>[\/vc_column_text][vc_empty_space height=&#8221;5em&#8221; alter_height=&#8221;none&#8221; hide_on_desktop=&#8221;&#8221; hide_on_notebook=&#8221;&#8221; hide_on_tablet=&#8221;&#8221; hide_on_mobile=&#8221;1&#8243;][\/vc_column][\/vc_row][vc_row full_width=&#8221;stretch_row&#8221; css_animation=&#8221;fadeIn&#8221; hide_bg_image_on_tablet=&#8221;&#8221; hide_bg_image_on_mobile=&#8221;1&#8243; css=&#8221;.vc_custom_1630557839481{background-size: cover !important;}&#8221;][vc_column icons_position=&#8221;left&#8221;]<div id=\"sc_title_213993997\"\n\t\tclass=\"sc_title color_style_default sc_title_default\"><h1 class=\"sc_item_title sc_title_title sc_align_center sc_item_title_style_default sc_item_title_tag\">Roadmap<\/h1><\/div><!-- \/.sc_title -->[vc_empty_space height=&#8221;0.8em&#8221; alter_height=&#8221;none&#8221; hide_on_desktop=&#8221;&#8221; hide_on_notebook=&#8221;&#8221; hide_on_tablet=&#8221;&#8221; hide_on_mobile=&#8221;&#8221;]<div class=\"cq-timeline cq-timeline-border-small cq-timeline-round-small cq-timeline-movetrue cq-timeline-borderdarkgray  \" data-bordercustomcolor=\"\"><ul class=\"cq-timeline-list\"><p><li class=\"cq-timeline-row cq-timeline-style-aqua\" data-contentcolor=\"\"><div class=\"cq-timeline-item\"><div class=\"cq-timeline-contentcontainer\"><div class=\"cq-timeline-icon-mediumgray cq-timeline-iconcontainer\"><i class=\"cq-timeline-icon entypo-icon entypo-icon-user\" style=\"color:;background-color:;\"><\/i><\/div><div class=\"cq-timeline-content\"><h4 class=\"cq-timeline-title\" style=\"color:#607290;font-size:18px;\"> 2017,Vara<\/h4><p class=\"cq-timeline-text\"> <p>Se lanseaz\u0103 Capra Noastr\u0103 \u00een Ia\u0219i, N-E Rom\u00e2niei.<\/p>\n<\/p><\/div><\/div><div class=\"cq-timeline-label\"><p class=\"cq-timeline-text\" style=\"color:#607290;font-size:18px;\"><\/p><\/div><\/div><\/li><li class=\"cq-timeline-row cq-timeline-style-aqua\" data-contentcolor=\"\"><div class=\"cq-timeline-item\"><div class=\"cq-timeline-contentcontainer\"><div class=\"cq-timeline-icon-mediumgray cq-timeline-iconcontainer\"><i class=\"cq-timeline-icon entypo-icon entypo-icon-user\" style=\"color:;background-color:;\"><\/i><\/div><div class=\"cq-timeline-content\"><h4 class=\"cq-timeline-title\" style=\"color:#607290;font-size:18px;\"> Iunie 2019<\/h4><p class=\"cq-timeline-text\"> <p>Ajunge \u00een puburi \u0219i restaurantele din Belgia, Italia, Olanda, Fran\u021ba \u0219i Japonia.<\/p>\n<\/p><\/div><\/div><div class=\"cq-timeline-label\"><p class=\"cq-timeline-text\" style=\"color:#607290;font-size:18px;\"><\/p><\/div><\/div><\/li><li class=\"cq-timeline-row cq-timeline-style-aqua\" data-contentcolor=\"\"><div class=\"cq-timeline-item\"><div class=\"cq-timeline-contentcontainer\"><div class=\"cq-timeline-icon-mediumgray cq-timeline-iconcontainer\"><i class=\"cq-timeline-icon entypo-icon entypo-icon-user\" style=\"color:;background-color:;\"><\/i><\/div><div class=\"cq-timeline-content\"><h4 class=\"cq-timeline-title\" style=\"color:#607290;font-size:18px;\"> Aprilie 2021<\/h4><p class=\"cq-timeline-text\"> <p>Capra Noastr\u0103 adulmec\u0103 zona Blockchain.<\/p>\n<\/p><\/div><\/div><div class=\"cq-timeline-label\"><p class=\"cq-timeline-text\" style=\"color:#607290;font-size:18px;\"><\/p><\/div><\/div><\/li><li class=\"cq-timeline-row cq-timeline-style-aqua\" data-contentcolor=\"\"><div class=\"cq-timeline-item\"><div class=\"cq-timeline-contentcontainer\"><div class=\"cq-timeline-icon-mediumgray cq-timeline-iconcontainer\"><i class=\"cq-timeline-icon entypo-icon entypo-icon-user\" style=\"color:;background-color:;\"><\/i><\/div><div class=\"cq-timeline-content\"><h4 class=\"cq-timeline-title\" style=\"color:#607290;font-size:18px;\"> Mai 2021<\/h4><p class=\"cq-timeline-text\"> <p>Analiza pie\u021bei Crypto, definire concept, alegerea protocolului, formarea echipei, lansare Capra Noastr\u0103\/Token pe Testnet Binance Smart Chain &amp; Testnet PancakeSwap.<\/p>\n<\/p><\/div><\/div><div class=\"cq-timeline-label\"><p class=\"cq-timeline-text\" style=\"color:#607290;font-size:18px;\"><\/p><\/div><\/div><\/li><li class=\"cq-timeline-row cq-timeline-style-aqua\" data-contentcolor=\"\"><div class=\"cq-timeline-item\"><div class=\"cq-timeline-contentcontainer\"><div class=\"cq-timeline-icon-mediumgray cq-timeline-iconcontainer\"><i class=\"cq-timeline-icon entypo-icon entypo-icon-user\" style=\"color:;background-color:;\"><\/i><\/div><div class=\"cq-timeline-content\"><h4 class=\"cq-timeline-title\" style=\"color:#607290;font-size:18px;\"> Iunie-Iulie 2021<\/h4><p class=\"cq-timeline-text\"> <p>Lansare Capra Noastr\u0103\/Token pe MainNet Binance Smart Chain, Business Development. Listare Token Pancake Swap, Whitepaper, Website, Private investors.<\/p>\n<\/p><\/div><\/div><div class=\"cq-timeline-label\"><p class=\"cq-timeline-text\" style=\"color:#607290;font-size:18px;\"><\/p><\/div><\/div><\/li><li class=\"cq-timeline-row cq-timeline-style-aqua\" data-contentcolor=\"\"><div class=\"cq-timeline-item\"><div class=\"cq-timeline-contentcontainer\"><div class=\"cq-timeline-icon-mediumgray cq-timeline-iconcontainer\"><i class=\"cq-timeline-icon entypo-icon entypo-icon-user\" style=\"color:;background-color:;\"><\/i><\/div><div class=\"cq-timeline-content\"><h4 class=\"cq-timeline-title\" style=\"color:#607290;font-size:18px;\"> Octombrie 2021<\/h4><p class=\"cq-timeline-text\"> <p>Lansare oficial\u0103, Lock Liquidity, Update Token Info bscscan.com, Aplicare Coinmarketcap, Coingecko<\/p>\n<\/p><\/div><\/div><div class=\"cq-timeline-label\"><p class=\"cq-timeline-text\" style=\"color:#607290;font-size:18px;\"><\/p><\/div><\/div><\/li><li class=\"cq-timeline-row cq-timeline-style-aqua\" data-contentcolor=\"\"><div class=\"cq-timeline-item\"><div class=\"cq-timeline-contentcontainer\"><div class=\"cq-timeline-icon-mediumgray cq-timeline-iconcontainer\"><i class=\"cq-timeline-icon entypo-icon entypo-icon-user\" style=\"color:;background-color:;\"><\/i><\/div><div class=\"cq-timeline-content\"><h4 class=\"cq-timeline-title\" style=\"color:#607290;font-size:18px;\"> Decembrie 2021<\/h4><p class=\"cq-timeline-text\"> <p>Globalizarea Caprei<\/p>\n<\/p><\/div><\/div><div class=\"cq-timeline-label\"><p class=\"cq-timeline-text\" style=\"color:#607290;font-size:18px;\"><\/p><\/div><\/div><\/li><\/p>\n<\/ul><\/div>[\/vc_column][\/vc_row][vc_row full_width=&#8221;stretch_row&#8221; css_animation=&#8221;fadeIn&#8221; disable_element=&#8221;yes&#8221; hide_bg_image_on_tablet=&#8221;&#8221; hide_bg_image_on_mobile=&#8221;&#8221; css=&#8221;.vc_custom_1630404159576{background-image: url(https:\/\/bere.capranoastra.ro\/ro\/wp-content\/uploads\/2018\/03\/home-team.png?id=846) !important;background-position: center !important;background-repeat: no-repeat !important;background-size: cover !important;}&#8221;][vc_column icons_position=&#8221;left&#8221;][vc_empty_space height=&#8221;5em&#8221; alter_height=&#8221;none&#8221; hide_on_desktop=&#8221;&#8221; hide_on_notebook=&#8221;&#8221; hide_on_tablet=&#8221;&#8221; hide_on_mobile=&#8221;&#8221;][vc_empty_space height=&#8221;3em&#8221; alter_height=&#8221;none&#8221; hide_on_desktop=&#8221;1&#8243; hide_on_notebook=&#8221;1&#8243; hide_on_tablet=&#8221;&#8221; hide_on_mobile=&#8221;1&#8243;][vc_empty_space height=&#8221;8.1em&#8221; alter_height=&#8221;none&#8221; hide_on_desktop=&#8221;&#8221; hide_on_notebook=&#8221;&#8221; hide_on_tablet=&#8221;1&#8243; hide_on_mobile=&#8221;1&#8243;][vc_empty_space height=&#8221;1.55em&#8221; alter_height=&#8221;none&#8221; hide_on_desktop=&#8221;&#8221; hide_on_notebook=&#8221;&#8221; hide_on_tablet=&#8221;&#8221; hide_on_mobile=&#8221;&#8221;][vc_empty_space height=&#8221;1em&#8221; alter_height=&#8221;none&#8221; hide_on_desktop=&#8221;&#8221; hide_on_notebook=&#8221;&#8221; hide_on_tablet=&#8221;&#8221; hide_on_mobile=&#8221;&#8221;][vc_empty_space height=&#8221;1.35em&#8221; alter_height=&#8221;none&#8221; hide_on_desktop=&#8221;&#8221; hide_on_notebook=&#8221;&#8221; hide_on_tablet=&#8221;1&#8243; hide_on_mobile=&#8221;1&#8243;][vc_empty_space hide_on_desktop=&#8221;&#8221; hide_on_notebook=&#8221;&#8221; hide_on_tablet=&#8221;&#8221; hide_on_mobile=&#8221;&#8221;]<div id=\"sc_title_1116998913\"\n\t\tclass=\"sc_title color_style_default sc_title_default\"><h2 class=\"sc_item_title sc_title_title sc_align_center sc_item_title_style_default sc_item_title_tag\">FAQ<\/h2><\/div><!-- \/.sc_title -->[vc_row_inner][vc_column_inner width=&#8221;1\/2&#8243; icons_position=&#8221;left&#8221;][\/vc_column_inner][vc_column_inner width=&#8221;1\/2&#8243; icons_position=&#8221;left&#8221;][vc_tta_accordion][vc_tta_section title=&#8221;Section 1&#8243; tab_id=&#8221;1627384972714-6e290c56-1192&#8243;][\/vc_tta_section][vc_tta_section title=&#8221;Section 2&#8243; tab_id=&#8221;1627384972804-37de8d2c-7f24&#8243;][\/vc_tta_section][\/vc_tta_accordion][\/vc_column_inner][\/vc_row_inner][\/vc_column][\/vc_row][vc_row][vc_column icons_position=&#8221;left&#8221;][\/vc_column][\/vc_row][vc_row][vc_column icons_position=&#8221;left&#8221;][\/vc_column][\/vc_row]<\/p>\n","protected":false},"excerpt":{"rendered":"<p>[vc_row full_width=&#8221;stretch_row_content_no_spaces&#8221; equal_height=&#8221;yes&#8221; content_placement=&#8221;middle&#8221; css_animation=&#8221;fadeIn&#8221; hide_bg_image_on_tablet=&#8221;&#8221; hide_bg_image_on_mobile=&#8221;&#8221; css=&#8221;.vc_custom_1630557602673{background-size: cover !important;}&#8221;][vc_column width=&#8221;1\/6&#8243; icons_position=&#8221;left&#8221;][\/vc_column][vc_column width=&#8221;2\/3&#8243; icons_position=&#8221;left&#8221;][vc_row_inner][vc_column_inner icons_position=&#8221;left&#8221;][\/vc_column_inner][\/vc_row_inner][\/vc_column][vc_column width=&#8221;1\/6&#8243; column_align=&#8221;right&#8221; icons_position=&#8221;right&#8221;][\/vc_column][vc_column css_animation=&#8221;fadeIn&#8221; icons_position=&#8221;left&#8221;][\/vc_column][\/vc_row][vc_row][vc_column icons_position=&#8221;left&#8221;][\/vc_column][\/vc_row][vc_row full_width=&#8221;stretch_row&#8221; css_animation=&#8221;fadeIn&#8221; hide_bg_image_on_tablet=&#8221;&#8221; hide_bg_image_on_mobile=&#8221;1&#8243; css=&#8221;.vc_custom_1630557797726{background-size: cover !important;}&#8221;][vc_column icons_position=&#8221;left&#8221;][vc_row_inner][vc_column_inner width=&#8221;1\/2&#8243; icons_position=&#8221;left&#8221;][\/vc_column_inner][vc_column_inner width=&#8221;1\/2&#8243; icons_position=&#8221;left&#8221;][vc_custom_heading text=&#8221;Investitorii \u00een criptomonede prefer\u0103 berea artizanal\u0103:&#8221; font_container=&#8221;tag:h1|text_align:left&#8221; use_theme_fonts=&#8221;yes&#8221; hide_on_desktop=&#8221;&#8221; hide_on_notebook=&#8221;&#8221; hide_on_tablet=&#8221;&#8221; hide_on_mobile=&#8221;&#8221;][vc_column_text] Revolu\u021bia Blockchain schimb\u0103 complet felul \u00een care interac\u021bion\u0103m cu banii la fel cum microber\u0103riile revolu\u021bioneaz\u0103&hellip;<\/p>\n","protected":false},"author":1,"featured_media":0,"parent":0,"menu_order":0,"comment_status":"closed","ping_status":"open","template":"","meta":{"footnotes":""},"class_list":["post-3233","page","type-page","status-publish","hentry"],"_links":{"self":[{"href":"https:\/\/bere.capranoastra.ro\/ro\/wp-json\/wp\/v2\/pages\/3233","targetHints":{"allow":["GET"]}}],"collection":[{"href":"https:\/\/bere.capranoastra.ro\/ro\/wp-json\/wp\/v2\/pages"}],"about":[{"href":"https:\/\/bere.capranoastra.ro\/ro\/wp-json\/wp\/v2\/types\/page"}],"author":[{"embeddable":true,"href":"https:\/\/bere.capranoastra.ro\/ro\/wp-json\/wp\/v2\/users\/1"}],"replies":[{"embeddable":true,"href":"https:\/\/bere.capranoastra.ro\/ro\/wp-json\/wp\/v2\/comments?post=3233"}],"version-history":[{"count":12,"href":"https:\/\/bere.capranoastra.ro\/ro\/wp-json\/wp\/v2\/pages\/3233\/revisions"}],"predecessor-version":[{"id":3376,"href":"https:\/\/bere.capranoastra.ro\/ro\/wp-json\/wp\/v2\/pages\/3233\/revisions\/3376"}],"wp:attachment":[{"href":"https:\/\/bere.capranoastra.ro\/ro\/wp-json\/wp\/v2\/media?parent=3233"}],"curies":[{"name":"wp","href":"https:\/\/api.w.org\/{rel}","templated":true}]}}