{"id":3164,"date":"2021-09-01T12:51:31","date_gmt":"2021-09-01T12:51:31","guid":{"rendered":"https:\/\/bere.capranoastra.ro\/ro\/?page_id=3164"},"modified":"2021-09-04T23:14:54","modified_gmt":"2021-09-04T23:14:54","slug":"blog-bounty","status":"publish","type":"page","link":"https:\/\/bere.capranoastra.ro\/ro\/blog-bounty\/","title":{"rendered":"Blog Bounty"},"content":{"rendered":"<p>[vc_row hide_bg_image_on_tablet=&#8221;&#8221; hide_bg_image_on_mobile=&#8221;&#8221;][vc_column icons_position=&#8221;left&#8221;][\/vc_column][\/vc_row][vc_row full_width=&#8221;stretch_row&#8221; equal_height=&#8221;yes&#8221; content_placement=&#8221;middle&#8221; hide_bg_image_on_tablet=&#8221;&#8221; hide_bg_image_on_mobile=&#8221;1&#8243; css=&#8221;.vc_custom_1630559344742{background-size: cover !important;}&#8221;][vc_column icons_position=&#8221;left&#8221;][vc_custom_heading text=&#8221;Rasplatim creativitatea celor ce au darul scrisului.&#8221; font_container=&#8221;tag:h1|text_align:center&#8221; use_theme_fonts=&#8221;yes&#8221; hide_on_desktop=&#8221;&#8221; hide_on_notebook=&#8221;&#8221; hide_on_tablet=&#8221;&#8221; hide_on_mobile=&#8221;&#8221;][\/vc_column][vc_column icons_position=&#8221;left&#8221;][vc_column_text]<\/p>\n<h3>Prin Cryptocapr\u0103, aducem \u00eempreun\u0103 comunit\u0103\u021bi \u0219i micro-comunit\u0103\u021bi care au \u00een comun berea de calitate \u0219i tehnologia Blockchain, fideliz\u0103m clien\u021bii proprii, elimin\u0103m ter\u021bii \u00een marketare prin recompense pentru useri (\u00een token-ul $BERE) pentru micro-ac\u021biuni \u0219i micro-influenceri, \u00een premier\u0103 \u00een Rom\u00e2nia, pe zona brewery.<\/h3>\n<h3>Adic\u0103telea c\u00e2\u0219tig\u0103m cu to\u021bii, \u00eentr-o manier\u0103 inovatoare, simpatic\u0103 \u0219i securizat\u0103.<\/h3>\n<p>[\/vc_column_text][vc_empty_space height=&#8221;5em&#8221; alter_height=&#8221;none&#8221; hide_on_desktop=&#8221;&#8221; hide_on_notebook=&#8221;&#8221; hide_on_tablet=&#8221;1&#8243; hide_on_mobile=&#8221;1&#8243;][vc_custom_heading text=&#8221;Cum te poti califica&#8221; font_container=&#8221;tag:h2|text_align:center&#8221; use_theme_fonts=&#8221;yes&#8221; hide_on_desktop=&#8221;&#8221; hide_on_notebook=&#8221;&#8221; hide_on_tablet=&#8221;&#8221; hide_on_mobile=&#8221;&#8221;][vc_empty_space height=&#8221;5em&#8221; alter_height=&#8221;none&#8221; hide_on_desktop=&#8221;&#8221; hide_on_notebook=&#8221;&#8221; hide_on_tablet=&#8221;1&#8243; hide_on_mobile=&#8221;1&#8243;][vc_row_inner][vc_column_inner width=&#8221;1\/2&#8243; icons_position=&#8221;left&#8221;][vc_column_text]<\/p>\n<h4>1. Articolele trebuie s\u0103 fie de bun\u0103 calitate \u0219i unice, cu minimum 350 de cuvinte. (Copierea site-ului web, whitepaper sau alte postari este interzis\u0103, nu ve\u021bi primi recompense).<\/h4>\n<p>[\/vc_column_text][vc_column_text]<\/p>\n<h4>2. Articolele de bun\u0103 calitate vor fi recompensate \u00een consecin\u021b\u0103.<\/h4>\n<p>[\/vc_column_text][vc_empty_space hide_on_desktop=&#8221;&#8221; hide_on_notebook=&#8221;&#8221; hide_on_tablet=&#8221;&#8221; hide_on_mobile=&#8221;&#8221;][vc_empty_space hide_on_desktop=&#8221;&#8221; hide_on_notebook=&#8221;&#8221; hide_on_tablet=&#8221;&#8221; hide_on_mobile=&#8221;&#8221;][vc_column_text]<\/p>\n<h4>3. Articolele publicate trebuie s\u0103 contin\u0103 cel pu\u021bin o imagine a proiectului si link-urile oficiale:<\/h4>\n<h5>Website: <a href=\"https:\/\/bere.capranoastra.ro\/ro\/\">https:\/\/bere.capranoastra.ro\/ro\/<\/a><br \/>\nFacebook: <a href=\"https:\/\/www.facebook.com\/capranoastra\">https:\/\/www.facebook.com\/capranoastra<\/a><br \/>\nTelegram: <a href=\"https:\/\/t.me\/capranoastra\">https:\/\/t.me\/capranoastra<\/a><br \/>\nInstagram: <a href=\"https:\/\/www.instagram.com\/capranoastra\/\">https:\/\/www.instagram.com\/capranoastra\/<\/a><\/h5>\n<p>[\/vc_column_text][vc_empty_space hide_on_desktop=&#8221;&#8221; hide_on_notebook=&#8221;&#8221; hide_on_tablet=&#8221;&#8221; hide_on_mobile=&#8221;&#8221;][vc_empty_space hide_on_desktop=&#8221;&#8221; hide_on_notebook=&#8221;&#8221; hide_on_tablet=&#8221;&#8221; hide_on_mobile=&#8221;&#8221;][vc_column_text]<\/p>\n<h4>4. Platformele recomandate pentru publicarea articolelor sunt: \u200b\u200bbloguri personale, Steemit, Hive, Medium \u0219i LinkedIn \u0219i trebuie s\u0103 fie accesibile publicului.<\/h4>\n<p>[\/vc_column_text][vc_empty_space hide_on_desktop=&#8221;&#8221; hide_on_notebook=&#8221;&#8221; hide_on_tablet=&#8221;&#8221; hide_on_mobile=&#8221;&#8221;][\/vc_column_inner][vc_column_inner width=&#8221;1\/2&#8243; icons_position=&#8221;left&#8221;][vc_column_text]<\/p>\n<h4>5. Con\u021binutul trebuie s\u0103 se concentreze pe un subiect relevant: caracteristicile proiectului, cele mai recente actualiz\u0103ri ale proiectului, private label etc.<\/h4>\n<p>[\/vc_column_text][vc_empty_space hide_on_desktop=&#8221;&#8221; hide_on_notebook=&#8221;&#8221; hide_on_tablet=&#8221;&#8221; hide_on_mobile=&#8221;&#8221;][vc_empty_space hide_on_desktop=&#8221;&#8221; hide_on_notebook=&#8221;&#8221; hide_on_tablet=&#8221;&#8221; hide_on_mobile=&#8221;&#8221;][vc_column_text]<\/p>\n<h4>6. Numai con\u021binutul original \u0219i de calitate vor fi acceptate.<\/h4>\n<p>[\/vc_column_text][vc_empty_space hide_on_desktop=&#8221;&#8221; hide_on_notebook=&#8221;&#8221; hide_on_tablet=&#8221;&#8221; hide_on_mobile=&#8221;&#8221;][vc_empty_space hide_on_desktop=&#8221;&#8221; hide_on_notebook=&#8221;&#8221; hide_on_tablet=&#8221;&#8221; hide_on_mobile=&#8221;&#8221;][vc_column_text]<\/p>\n<h4>7. Un singur articol pentru fiecare participant.<\/h4>\n<p>[\/vc_column_text][vc_empty_space hide_on_desktop=&#8221;&#8221; hide_on_notebook=&#8221;&#8221; hide_on_tablet=&#8221;&#8221; hide_on_mobile=&#8221;&#8221;][vc_empty_space hide_on_desktop=&#8221;&#8221; hide_on_notebook=&#8221;&#8221; hide_on_tablet=&#8221;&#8221; hide_on_mobile=&#8221;&#8221;][vc_column_text]<\/p>\n<h4>8. Prin aderarea la acest program, participan\u021bii accept\u0103 faptul c\u0103 echipa proiectului poate folosi toate aceste articole ca materiale de marketing.<\/h4>\n<p>[\/vc_column_text][vc_empty_space hide_on_desktop=&#8221;&#8221; hide_on_notebook=&#8221;&#8221; hide_on_tablet=&#8221;&#8221; hide_on_mobile=&#8221;&#8221;][\/vc_column_inner][\/vc_row_inner][\/vc_column][\/vc_row]<\/p>\n","protected":false},"excerpt":{"rendered":"<p>[vc_row hide_bg_image_on_tablet=&#8221;&#8221; hide_bg_image_on_mobile=&#8221;&#8221;][vc_column icons_position=&#8221;left&#8221;][\/vc_column][\/vc_row][vc_row full_width=&#8221;stretch_row&#8221; equal_height=&#8221;yes&#8221; content_placement=&#8221;middle&#8221; hide_bg_image_on_tablet=&#8221;&#8221; hide_bg_image_on_mobile=&#8221;1&#8243; css=&#8221;.vc_custom_1630559344742{background-size: cover !important;}&#8221;][vc_column icons_position=&#8221;left&#8221;][vc_custom_heading text=&#8221;Rasplatim creativitatea celor ce au darul scrisului.&#8221; font_container=&#8221;tag:h1|text_align:center&#8221; use_theme_fonts=&#8221;yes&#8221; hide_on_desktop=&#8221;&#8221; hide_on_notebook=&#8221;&#8221; hide_on_tablet=&#8221;&#8221; hide_on_mobile=&#8221;&#8221;][\/vc_column][vc_column icons_position=&#8221;left&#8221;][vc_column_text] Prin Cryptocapr\u0103, aducem \u00eempreun\u0103 comunit\u0103\u021bi \u0219i micro-comunit\u0103\u021bi care au \u00een comun berea de calitate \u0219i tehnologia Blockchain, fideliz\u0103m clien\u021bii proprii, elimin\u0103m ter\u021bii \u00een marketare prin recompense pentru useri (\u00een token-ul $BERE) pentru micro-ac\u021biuni&hellip;<\/p>\n","protected":false},"author":1,"featured_media":0,"parent":0,"menu_order":0,"comment_status":"closed","ping_status":"closed","template":"","meta":{"footnotes":""},"class_list":["post-3164","page","type-page","status-publish","hentry"],"_links":{"self":[{"href":"https:\/\/bere.capranoastra.ro\/ro\/wp-json\/wp\/v2\/pages\/3164","targetHints":{"allow":["GET"]}}],"collection":[{"href":"https:\/\/bere.capranoastra.ro\/ro\/wp-json\/wp\/v2\/pages"}],"about":[{"href":"https:\/\/bere.capranoastra.ro\/ro\/wp-json\/wp\/v2\/types\/page"}],"author":[{"embeddable":true,"href":"https:\/\/bere.capranoastra.ro\/ro\/wp-json\/wp\/v2\/users\/1"}],"replies":[{"embeddable":true,"href":"https:\/\/bere.capranoastra.ro\/ro\/wp-json\/wp\/v2\/comments?post=3164"}],"version-history":[{"count":6,"href":"https:\/\/bere.capranoastra.ro\/ro\/wp-json\/wp\/v2\/pages\/3164\/revisions"}],"predecessor-version":[{"id":3359,"href":"https:\/\/bere.capranoastra.ro\/ro\/wp-json\/wp\/v2\/pages\/3164\/revisions\/3359"}],"wp:attachment":[{"href":"https:\/\/bere.capranoastra.ro\/ro\/wp-json\/wp\/v2\/media?parent=3164"}],"curies":[{"name":"wp","href":"https:\/\/api.w.org\/{rel}","templated":true}]}}