{"id":3129,"date":"2021-08-08T12:36:52","date_gmt":"2021-08-08T12:36:52","guid":{"rendered":"https:\/\/bere.capranoastra.ro\/ro\/?page_id=3129"},"modified":"2021-09-04T22:50:07","modified_gmt":"2021-09-04T22:50:07","slug":"facebook-bounty","status":"publish","type":"page","link":"https:\/\/bere.capranoastra.ro\/ro\/facebook-bounty\/","title":{"rendered":"Facebook Bounty"},"content":{"rendered":"<p>[vc_row hide_bg_image_on_tablet=&#8221;&#8221; hide_bg_image_on_mobile=&#8221;&#8221;][vc_column icons_position=&#8221;left&#8221;][vc_empty_space height=&#8221;2.5em&#8221; alter_height=&#8221;none&#8221; hide_on_desktop=&#8221;&#8221; hide_on_notebook=&#8221;&#8221; hide_on_tablet=&#8221;1&#8243; hide_on_mobile=&#8221;1&#8243;][\/vc_column][\/vc_row][vc_row full_width=&#8221;stretch_row&#8221; equal_height=&#8221;yes&#8221; content_placement=&#8221;middle&#8221; hide_bg_image_on_tablet=&#8221;&#8221; hide_bg_image_on_mobile=&#8221;1&#8243; css=&#8221;.vc_custom_1630559210264{background-size: cover !important;}&#8221;][vc_column icons_position=&#8221;left&#8221;][vc_empty_space height=&#8221;5em&#8221; alter_height=&#8221;none&#8221; hide_on_desktop=&#8221;&#8221; hide_on_notebook=&#8221;&#8221; hide_on_tablet=&#8221;&#8221; hide_on_mobile=&#8221;&#8221;][vc_empty_space height=&#8221;5em&#8221; alter_height=&#8221;none&#8221; hide_on_desktop=&#8221;&#8221; hide_on_notebook=&#8221;&#8221; hide_on_tablet=&#8221;1&#8243; hide_on_mobile=&#8221;1&#8243;][\/vc_column][vc_column width=&#8221;4\/12&#8243; icons_position=&#8221;left&#8221;]<div id=\"sc_title_737710126\"\n\t\tclass=\"sc_title color_style_default sc_title_default\"><h2 class=\"sc_item_title sc_title_title sc_align_left sc_item_title_style_default sc_item_title_tag\">Facebook Bounty<\/h2><div class=\"sc_item_button sc_button_wrap sc_align_left\"><a href=\"https:\/\/exchange.pancakeswap.finance\/#\/swap?outputCurrency=0x425e339793f1930c3b44c39cb1a8695114b3f94c\" id=\"sc_button_985980696\" class=\"sc_button color_style_default sc_button_default sc_item_button sc_item_button_default sc_title_button sc_button_size_normal sc_button_icon_left\"><span class=\"sc_button_text\"><span class=\"sc_button_title\">Cumpara $BERE<\/span><\/span><!-- \/.sc_button_text --><\/a><!-- \/.sc_button --><\/div><!-- \/.sc_item_button --><\/div><!-- \/.sc_title -->[\/vc_column][vc_column width=&#8221;4\/12&#8243; icons_position=&#8221;left&#8221;][\/vc_column][vc_column width=&#8221;4\/12&#8243; icons_position=&#8221;left&#8221;][vc_empty_space height=&#8221;2em&#8221; alter_height=&#8221;none&#8221; hide_on_desktop=&#8221;1&#8243; hide_on_notebook=&#8221;1&#8243; hide_on_tablet=&#8221;1&#8243; hide_on_mobile=&#8221;&#8221;]<div id=\"sc_icons_1524107390\" \n\tclass=\"sc_icons sc_icons_light sc_icons_size_small sc_align_left\"><div class=\"sc_icons_item\"><div id=\"sc_icons_1524107390_icon-eye-light\" class=\"sc_icons_icon sc_icon_type_ icon-eye-light\"\n\t\t\t\t\t\t\t\t\t\t\t\t><span class=\"sc_icon_type_ icon-eye-light\"><\/span><\/div><h4 class=\"sc_icons_item_title\"><span>Post Bounty<\/span><\/h4><div class=\"sc_icons_item_description\"><span>Pentru un Post share cu tag @Capranoastra si #capranoastra primesti 0.8 capre<\/span><\/div><\/div><div class=\"sc_icons_item\"><div id=\"sc_icons_1524107390_icon-24-handshake\" class=\"sc_icons_icon sc_icon_type_ icon-24-handshake\"\n\t\t\t\t\t\t\t\t\t\t\t\t><span class=\"sc_icon_type_ icon-24-handshake\"><\/span><\/div><h4 class=\"sc_icons_item_title\"><span>Page Review Bounty<\/span><\/h4><div class=\"sc_icons_item_description\"><span>Pentru 1 Page review cu tag @Capranoastra si #capranoastra primesti 2.7 capre<\/span><\/div><\/div><div class=\"sc_icons_item\"><div id=\"sc_icons_1524107390_icon-file-image\" class=\"sc_icons_icon sc_icon_type_ icon-file-image\"\n\t\t\t\t\t\t\t\t\t\t\t\t><span class=\"sc_icon_type_ icon-file-image\"><\/span><\/div><h4 class=\"sc_icons_item_title\"><span>Post\/Selfie Bounty<\/span><\/h4><div class=\"sc_icons_item_description\"><span>Pentru 1 Postare Facebook cu poza sau selfie cu sticla Capra Noastra plus tag @Capranoastra si #capranoastra primesti 1.8 capre<\/span><\/div><\/div><\/div><!-- \/.sc_icons -->[\/vc_column][vc_column icons_position=&#8221;left&#8221;][vc_custom_heading text=&#8221;Cum te poti califica?&#8221; font_container=&#8221;tag:h1|text_align:center&#8221; use_theme_fonts=&#8221;yes&#8221; hide_on_desktop=&#8221;&#8221; hide_on_notebook=&#8221;&#8221; hide_on_tablet=&#8221;&#8221; hide_on_mobile=&#8221;&#8221;][vc_empty_space height=&#8221;5em&#8221; alter_height=&#8221;none&#8221; hide_on_desktop=&#8221;&#8221; hide_on_notebook=&#8221;&#8221; hide_on_tablet=&#8221;1&#8243; hide_on_mobile=&#8221;1&#8243;][vc_row_inner][vc_column_inner width=&#8221;1\/2&#8243; icons_position=&#8221;left&#8221;][vc_column_text]<\/p>\n<h3>\u2013 Te po\u021bi califica pentru aceast\u0103 recompens\u0103 cu maximum 7 post\u0103ri pe s\u0103pt\u0103m\u00e2n\u0103.<\/h3>\n<p>[\/vc_column_text][vc_empty_space height=&#8221;5em&#8221; alter_height=&#8221;none&#8221; hide_on_desktop=&#8221;&#8221; hide_on_notebook=&#8221;&#8221; hide_on_tablet=&#8221;1&#8243; hide_on_mobile=&#8221;1&#8243;][vc_column_text]<\/p>\n<h3>\u2013 Profilul tau trebuie s\u0103 fie public.<\/h3>\n<p>[\/vc_column_text][vc_empty_space height=&#8221;5em&#8221; alter_height=&#8221;none&#8221; hide_on_desktop=&#8221;&#8221; hide_on_notebook=&#8221;&#8221; hide_on_tablet=&#8221;1&#8243; hide_on_mobile=&#8221;1&#8243;][vc_column_text]<\/p>\n<h3>-Trebuie s\u0103 fii membru al comunitatii @capranoastra. (Like pagina Facebook)<\/h3>\n<p>[\/vc_column_text][\/vc_column_inner][vc_column_inner width=&#8221;1\/2&#8243; icons_position=&#8221;left&#8221;][vc_column_text]<\/p>\n<h3>\u2013 Numarul maxim de postari care se calific\u0103 pentru aceast\u0103 recompens\u0103 este de 1 postare pe zi.<\/h3>\n<p>[\/vc_column_text][vc_empty_space height=&#8221;5em&#8221; alter_height=&#8221;none&#8221; hide_on_desktop=&#8221;&#8221; hide_on_notebook=&#8221;&#8221; hide_on_tablet=&#8221;1&#8243; hide_on_mobile=&#8221;1&#8243;][vc_column_text]<\/p>\n<h3>\u2013 Postarile trebuie sa fie originale.<\/h3>\n<p>[\/vc_column_text][vc_empty_space height=&#8221;5em&#8221; alter_height=&#8221;none&#8221; hide_on_desktop=&#8221;&#8221; hide_on_notebook=&#8221;&#8221; hide_on_tablet=&#8221;1&#8243; hide_on_mobile=&#8221;1&#8243;][vc_column_text]<\/p>\n<h3>\u2013 Toate hashtagurile furnizate trebuie incluse \u00een postare \u0219i pagina\u00a0 @capranoastra trebuie etichetata.<\/h3>\n<p>[\/vc_column_text][\/vc_column_inner][\/vc_row_inner][\/vc_column][\/vc_row]<\/p>\n","protected":false},"excerpt":{"rendered":"<p>[vc_row hide_bg_image_on_tablet=&#8221;&#8221; hide_bg_image_on_mobile=&#8221;&#8221;][vc_column icons_position=&#8221;left&#8221;][vc_empty_space height=&#8221;2.5em&#8221; alter_height=&#8221;none&#8221; hide_on_desktop=&#8221;&#8221; hide_on_notebook=&#8221;&#8221; hide_on_tablet=&#8221;1&#8243; hide_on_mobile=&#8221;1&#8243;][\/vc_column][\/vc_row][vc_row full_width=&#8221;stretch_row&#8221; equal_height=&#8221;yes&#8221; content_placement=&#8221;middle&#8221; hide_bg_image_on_tablet=&#8221;&#8221; hide_bg_image_on_mobile=&#8221;1&#8243; css=&#8221;.vc_custom_1630559210264{background-size: cover !important;}&#8221;][vc_column icons_position=&#8221;left&#8221;][vc_empty_space height=&#8221;5em&#8221; alter_height=&#8221;none&#8221; hide_on_desktop=&#8221;&#8221; hide_on_notebook=&#8221;&#8221; hide_on_tablet=&#8221;&#8221; hide_on_mobile=&#8221;&#8221;][vc_empty_space height=&#8221;5em&#8221; alter_height=&#8221;none&#8221; hide_on_desktop=&#8221;&#8221; hide_on_notebook=&#8221;&#8221; hide_on_tablet=&#8221;1&#8243; hide_on_mobile=&#8221;1&#8243;][\/vc_column][vc_column width=&#8221;4\/12&#8243; icons_position=&#8221;left&#8221;][\/vc_column][vc_column width=&#8221;4\/12&#8243; icons_position=&#8221;left&#8221;][\/vc_column][vc_column width=&#8221;4\/12&#8243; icons_position=&#8221;left&#8221;][vc_empty_space height=&#8221;2em&#8221; alter_height=&#8221;none&#8221; hide_on_desktop=&#8221;1&#8243; hide_on_notebook=&#8221;1&#8243; hide_on_tablet=&#8221;1&#8243; hide_on_mobile=&#8221;&#8221;][\/vc_column][vc_column icons_position=&#8221;left&#8221;][vc_custom_heading text=&#8221;Cum te poti califica?&#8221; font_container=&#8221;tag:h1|text_align:center&#8221; use_theme_fonts=&#8221;yes&#8221; hide_on_desktop=&#8221;&#8221; hide_on_notebook=&#8221;&#8221; hide_on_tablet=&#8221;&#8221; hide_on_mobile=&#8221;&#8221;][vc_empty_space height=&#8221;5em&#8221; alter_height=&#8221;none&#8221; hide_on_desktop=&#8221;&#8221; hide_on_notebook=&#8221;&#8221; hide_on_tablet=&#8221;1&#8243; hide_on_mobile=&#8221;1&#8243;][vc_row_inner][vc_column_inner&hellip;<\/p>\n","protected":false},"author":1,"featured_media":0,"parent":0,"menu_order":0,"comment_status":"closed","ping_status":"closed","template":"","meta":{"footnotes":""},"class_list":["post-3129","page","type-page","status-publish","hentry"],"_links":{"self":[{"href":"https:\/\/bere.capranoastra.ro\/ro\/wp-json\/wp\/v2\/pages\/3129","targetHints":{"allow":["GET"]}}],"collection":[{"href":"https:\/\/bere.capranoastra.ro\/ro\/wp-json\/wp\/v2\/pages"}],"about":[{"href":"https:\/\/bere.capranoastra.ro\/ro\/wp-json\/wp\/v2\/types\/page"}],"author":[{"embeddable":true,"href":"https:\/\/bere.capranoastra.ro\/ro\/wp-json\/wp\/v2\/users\/1"}],"replies":[{"embeddable":true,"href":"https:\/\/bere.capranoastra.ro\/ro\/wp-json\/wp\/v2\/comments?post=3129"}],"version-history":[{"count":17,"href":"https:\/\/bere.capranoastra.ro\/ro\/wp-json\/wp\/v2\/pages\/3129\/revisions"}],"predecessor-version":[{"id":3267,"href":"https:\/\/bere.capranoastra.ro\/ro\/wp-json\/wp\/v2\/pages\/3129\/revisions\/3267"}],"wp:attachment":[{"href":"https:\/\/bere.capranoastra.ro\/ro\/wp-json\/wp\/v2\/media?parent=3129"}],"curies":[{"name":"wp","href":"https:\/\/api.w.org\/{rel}","templated":true}]}}