{"id":3012,"date":"2021-07-23T11:37:00","date_gmt":"2021-07-23T11:37:00","guid":{"rendered":"https:\/\/bere.capranoastra.ro\/ro\/?page_id=3012"},"modified":"2021-09-04T22:50:52","modified_gmt":"2021-09-04T22:50:52","slug":"bounty","status":"publish","type":"page","link":"https:\/\/bere.capranoastra.ro\/ro\/bounty\/","title":{"rendered":"Bounty"},"content":{"rendered":"<p>[vc_row][vc_column icons_position=&#8221;left&#8221;][\/vc_column][\/vc_row][vc_row full_width=&#8221;stretch_row&#8221; hide_bg_image_on_tablet=&#8221;&#8221; hide_bg_image_on_mobile=&#8221;&#8221; css=&#8221;.vc_custom_1520512785363{background-image: url(https:\/\/bere.capranoastra.ro\/ro\/wp-content\/uploads\/2018\/03\/about_bg_1.png?id=835) !important;background-position: center !important;background-repeat: no-repeat !important;background-size: cover !important;}&#8221;][vc_column icons_position=&#8221;left&#8221;][vc_row_inner equal_height=&#8221;yes&#8221; content_placement=&#8221;middle&#8221;][vc_column_inner width=&#8221;1\/2&#8243; icons_position=&#8221;left&#8221;][vc_empty_space height=&#8221;1em&#8221; alter_height=&#8221;none&#8221; hide_on_desktop=&#8221;&#8221; hide_on_notebook=&#8221;&#8221; hide_on_tablet=&#8221;&#8221; hide_on_mobile=&#8221;&#8221;][\/vc_column_inner][vc_column_inner width=&#8221;1\/2&#8243; icons_position=&#8221;left&#8221;][vc_empty_space height=&#8221;2em&#8221; alter_height=&#8221;none&#8221; hide_on_desktop=&#8221;1&#8243; hide_on_notebook=&#8221;1&#8243; hide_on_tablet=&#8221;1&#8243; hide_on_mobile=&#8221;&#8221;][\/vc_column_inner][\/vc_row_inner][vc_empty_space height=&#8221;8em&#8221; alter_height=&#8221;none&#8221; hide_on_desktop=&#8221;&#8221; hide_on_notebook=&#8221;&#8221; hide_on_tablet=&#8221;1&#8243; hide_on_mobile=&#8221;1&#8243;][vc_row_inner][vc_column_inner width=&#8221;1\/2&#8243; icons_position=&#8221;left&#8221;]<div id=\"sc_icons_703695276\" \n\tclass=\"sc_icons sc_icons_modern sc_icons_size_medium sc_align_center\"><div class=\"sc_icons_columns_wrap sc_item_columns trx_addons_columns_wrap columns_padding_bottom\"><div class=\"trx_addons_column-1_2\"><div class=\"sc_icons_item sc_icons_item_linked\"><div id=\"sc_icons_703695276_icon-facebook\" class=\"sc_icons_icon sc_icon_type_ icon-facebook\"\n\t\t\t\t\t\t\t\t\t\t\t\t><span class=\"sc_icon_type_ icon-facebook\"><\/span><\/div><h4 class=\"sc_icons_item_title\"><span>Facebook Bounty<\/span><\/h4><a href=\"https:\/\/bere.capranoastra.ro\/ro\/facebook-bounty\/\" class=\"sc_icons_item_link\"><\/a><\/div><\/div><div class=\"trx_addons_column-1_2\"><div class=\"sc_icons_item sc_icons_item_linked\"><div id=\"sc_icons_703695276_icon-instagramm\" class=\"sc_icons_icon sc_icon_type_ icon-instagramm\"\n\t\t\t\t\t\t\t\t\t\t\t\t><span class=\"sc_icon_type_ icon-instagramm\"><\/span><\/div><h4 class=\"sc_icons_item_title\"><span>Instagram Bounty<\/span><\/h4><a href=\"https:\/\/bere.capranoastra.ro\/ro\/instagram-bounty\/\" class=\"sc_icons_item_link\"><\/a><\/div><\/div><div class=\"trx_addons_column-1_2\"><div class=\"sc_icons_item sc_icons_item_linked\"><div id=\"sc_icons_703695276_icon-youtube\" class=\"sc_icons_icon sc_icon_type_ icon-youtube\"\n\t\t\t\t\t\t\t\t\t\t\t\t><span class=\"sc_icon_type_ icon-youtube\"><\/span><\/div><h4 class=\"sc_icons_item_title\"><span>Youtube\/TikTok Bounty<\/span><\/h4><a href=\"https:\/\/bere.capranoastra.ro\/ro\/youtube-tiktok-bounty\/\" class=\"sc_icons_item_link\"><\/a><\/div><\/div><div class=\"trx_addons_column-1_2\"><div class=\"sc_icons_item sc_icons_item_linked\"><div id=\"sc_icons_703695276_icon-brush\" class=\"sc_icons_icon sc_icon_type_ icon-brush\"\n\t\t\t\t\t\t\t\t\t\t\t\t><span class=\"sc_icon_type_ icon-brush\"><\/span><\/div><h4 class=\"sc_icons_item_title\"><span>Blog bounty<\/span><\/h4><a href=\"https:\/\/bere.capranoastra.ro\/ro\/blog-bounty\/\" class=\"sc_icons_item_link\"><\/a><\/div><\/div><div class=\"trx_addons_column-1_2\"><div class=\"sc_icons_item sc_icons_item_linked\"><div id=\"sc_icons_703695276_icon-twitter\" class=\"sc_icons_icon sc_icon_type_ icon-twitter\"\n\t\t\t\t\t\t\t\t\t\t\t\t><span class=\"sc_icon_type_ icon-twitter\"><\/span><\/div><h4 class=\"sc_icons_item_title\"><span>Twitter Bounty<\/span><\/h4><a href=\"https:\/\/bere.capranoastra.ro\/ro\/twitter-bounty\/\" class=\"sc_icons_item_link\"><\/a><\/div><\/div><div class=\"trx_addons_column-1_2\"><div class=\"sc_icons_item sc_icons_item_linked\"><div id=\"sc_icons_703695276_icon-spin5\" class=\"sc_icons_icon sc_icon_type_ icon-spin5\"\n\t\t\t\t\t\t\t\t\t\t\t\t><span class=\"sc_icon_type_ icon-spin5\"><\/span><\/div><h4 class=\"sc_icons_item_title\"><span>Capra Noastra Art Bounty<\/span><\/h4><a href=\"https:\/\/bere.capranoastra.ro\/ro\/artwork-bounty\/%20\" class=\"sc_icons_item_link\"><\/a><\/div><\/div><\/div><\/div><!-- \/.sc_icons -->[\/vc_column_inner][vc_column_inner width=&#8221;1\/2&#8243; icons_position=&#8221;left&#8221;][vc_custom_heading text=&#8221;Despre Cryptocapr\u0103, de la micro la \u00eenc\u0103 un r\u00e2nd pentru toat\u0103 lumea&#8221; use_theme_fonts=&#8221;yes&#8221; hide_on_desktop=&#8221;&#8221; hide_on_notebook=&#8221;&#8221; hide_on_tablet=&#8221;&#8221; hide_on_mobile=&#8221;&#8221;][vc_column_text]<\/p>\n<h4 style=\"text-align: left;\">Prin Cryptocapr\u0103, aducem \u00eempreun\u0103 comunit\u0103\u021bi \u0219i micro-comunit\u0103\u021bi care au \u00een comun berea de calitate \u0219i tehnologia Blockchain, fideliz\u0103m clien\u021bii proprii, elimin\u0103m ter\u021bii \u00een marketare prin recompense pentru useri (\u00een token-ul $BERE) pentru micro-ac\u021biuni \u0219i micro-influenceri, \u00een premier\u0103 \u00een Rom\u00e2nia, pe zona brewery.<\/h4>\n<h4 style=\"text-align: left;\">Adic\u0103telea c\u00e2\u0219tig\u0103m cu to\u021bii, \u00eentr-o manier\u0103 inovatoare, simpatic\u0103 \u0219i securizat\u0103.<\/h4>\n<p>[\/vc_column_text][vc_empty_space height=&#8221;0.4em&#8221; alter_height=&#8221;none&#8221; hide_on_desktop=&#8221;&#8221; hide_on_notebook=&#8221;&#8221; hide_on_tablet=&#8221;&#8221; hide_on_mobile=&#8221;&#8221;]<a href=\"\/wp\/whitepaper\/\" id=\"sc_button_652064028\" class=\"sc_button color_style_default sc_button_default sc_button_size_normal sc_button_with_icon sc_button_icon_left\"><span class=\"sc_button_icon\"><span class=\"icon-file-pdf\"><\/span><\/span><span class=\"sc_button_text\"><span class=\"sc_button_title\">Whitepaper<\/span><\/span><!-- \/.sc_button_text --><\/a><!-- \/.sc_button -->[\/vc_column_inner][\/vc_row_inner][\/vc_column][\/vc_row][vc_row full_width=&#8221;stretch_row&#8221; hide_bg_image_on_tablet=&#8221;&#8221; hide_bg_image_on_mobile=&#8221;&#8221; css=&#8221;.vc_custom_1521455244712{background-image: url(https:\/\/bere.capranoastra.ro\/ro\/wp-content\/uploads\/2018\/03\/about_bg.png?id=939) !important;background-position: center !important;background-repeat: no-repeat !important;background-size: cover !important;}&#8221;][vc_column icons_position=&#8221;left&#8221;][vc_empty_space height=&#8221;3em&#8221; alter_height=&#8221;none&#8221; hide_on_desktop=&#8221;1&#8243; hide_on_notebook=&#8221;1&#8243; hide_on_tablet=&#8221;&#8221; hide_on_mobile=&#8221;1&#8243;][\/vc_column][\/vc_row][vc_row][vc_column icons_position=&#8221;left&#8221;][\/vc_column][\/vc_row]<\/p>\n","protected":false},"excerpt":{"rendered":"<p>[vc_row][vc_column icons_position=&#8221;left&#8221;][\/vc_column][\/vc_row][vc_row full_width=&#8221;stretch_row&#8221; hide_bg_image_on_tablet=&#8221;&#8221; hide_bg_image_on_mobile=&#8221;&#8221; css=&#8221;.vc_custom_1520512785363{background-image: url(https:\/\/bere.capranoastra.ro\/ro\/wp-content\/uploads\/2018\/03\/about_bg_1.png?id=835) !important;background-position: center !important;background-repeat: no-repeat !important;background-size: cover !important;}&#8221;][vc_column icons_position=&#8221;left&#8221;][vc_row_inner equal_height=&#8221;yes&#8221; content_placement=&#8221;middle&#8221;][vc_column_inner width=&#8221;1\/2&#8243; icons_position=&#8221;left&#8221;][vc_empty_space height=&#8221;1em&#8221; alter_height=&#8221;none&#8221; hide_on_desktop=&#8221;&#8221; hide_on_notebook=&#8221;&#8221; hide_on_tablet=&#8221;&#8221; hide_on_mobile=&#8221;&#8221;][\/vc_column_inner][vc_column_inner width=&#8221;1\/2&#8243; icons_position=&#8221;left&#8221;][vc_empty_space height=&#8221;2em&#8221; alter_height=&#8221;none&#8221; hide_on_desktop=&#8221;1&#8243; hide_on_notebook=&#8221;1&#8243; hide_on_tablet=&#8221;1&#8243; hide_on_mobile=&#8221;&#8221;][\/vc_column_inner][\/vc_row_inner][vc_empty_space height=&#8221;8em&#8221; alter_height=&#8221;none&#8221; hide_on_desktop=&#8221;&#8221; hide_on_notebook=&#8221;&#8221; hide_on_tablet=&#8221;1&#8243; hide_on_mobile=&#8221;1&#8243;][vc_row_inner][vc_column_inner width=&#8221;1\/2&#8243; icons_position=&#8221;left&#8221;][\/vc_column_inner][vc_column_inner width=&#8221;1\/2&#8243; icons_position=&#8221;left&#8221;][vc_custom_heading text=&#8221;Despre Cryptocapr\u0103, de la micro la \u00eenc\u0103 un r\u00e2nd pentru toat\u0103 lumea&#8221; use_theme_fonts=&#8221;yes&#8221; hide_on_desktop=&#8221;&#8221; hide_on_notebook=&#8221;&#8221; hide_on_tablet=&#8221;&#8221; hide_on_mobile=&#8221;&#8221;][vc_column_text]&hellip;<\/p>\n","protected":false},"author":1,"featured_media":0,"parent":0,"menu_order":0,"comment_status":"closed","ping_status":"closed","template":"","meta":{"footnotes":""},"class_list":["post-3012","page","type-page","status-publish","hentry"],"_links":{"self":[{"href":"https:\/\/bere.capranoastra.ro\/ro\/wp-json\/wp\/v2\/pages\/3012","targetHints":{"allow":["GET"]}}],"collection":[{"href":"https:\/\/bere.capranoastra.ro\/ro\/wp-json\/wp\/v2\/pages"}],"about":[{"href":"https:\/\/bere.capranoastra.ro\/ro\/wp-json\/wp\/v2\/types\/page"}],"author":[{"embeddable":true,"href":"https:\/\/bere.capranoastra.ro\/ro\/wp-json\/wp\/v2\/users\/1"}],"replies":[{"embeddable":true,"href":"https:\/\/bere.capranoastra.ro\/ro\/wp-json\/wp\/v2\/comments?post=3012"}],"version-history":[{"count":28,"href":"https:\/\/bere.capranoastra.ro\/ro\/wp-json\/wp\/v2\/pages\/3012\/revisions"}],"predecessor-version":[{"id":3357,"href":"https:\/\/bere.capranoastra.ro\/ro\/wp-json\/wp\/v2\/pages\/3012\/revisions\/3357"}],"wp:attachment":[{"href":"https:\/\/bere.capranoastra.ro\/ro\/wp-json\/wp\/v2\/media?parent=3012"}],"curies":[{"name":"wp","href":"https:\/\/api.w.org\/{rel}","templated":true}]}}