{"id":2991,"date":"2021-07-23T09:36:54","date_gmt":"2021-07-23T09:36:54","guid":{"rendered":"https:\/\/bere.capranoastra.ro\/ro\/?page_id=2991"},"modified":"2021-10-15T14:46:43","modified_gmt":"2021-10-15T14:46:43","slug":"whitepaper","status":"publish","type":"page","link":"https:\/\/bere.capranoastra.ro\/ro\/whitepaper\/","title":{"rendered":"Whitepaper"},"content":{"rendered":"<p>[vc_row][vc_column icons_position=&#8221;left&#8221;][vc_empty_space height=&#8221;2.6em&#8221; alter_height=&#8221;none&#8221; hide_on_desktop=&#8221;&#8221; hide_on_notebook=&#8221;&#8221; hide_on_tablet=&#8221;1&#8243; hide_on_mobile=&#8221;1&#8243;][\/vc_column][\/vc_row][vc_row][vc_column icons_position=&#8221;left&#8221;][vc_empty_space height=&#8221;1em&#8221; alter_height=&#8221;none&#8221; hide_on_desktop=&#8221;&#8221; hide_on_notebook=&#8221;&#8221; hide_on_tablet=&#8221;&#8221; hide_on_mobile=&#8221;&#8221;]<div id=\"sc_content_2070238540\"\n\t\tclass=\"sc_content color_style_default sc_content_default sc_content_width_70p sc_float_center sc_align_center\"><div class=\"sc_content_container\">[vc_custom_heading text=&#8221;&#8221; font_container=&#8221;tag:h4|text_align:center|color:%23ffffff&#8221; use_theme_fonts=&#8221;yes&#8221; hide_on_desktop=&#8221;&#8221; hide_on_notebook=&#8221;&#8221; hide_on_tablet=&#8221;&#8221; hide_on_mobile=&#8221;&#8221;][vc_empty_space height=&#8221;1.2em&#8221; alter_height=&#8221;none&#8221; hide_on_desktop=&#8221;&#8221; hide_on_notebook=&#8221;&#8221; hide_on_tablet=&#8221;&#8221; hide_on_mobile=&#8221;&#8221;]<div  id=\"sc_socials_2145893237\" \n\t\tclass=\"sc_socials sc_socials_default\"><div class=\"socials_wrap\"><a target=\"_blank\" href=\"https:\/\/www.facebook.com\/capranoastra\" class=\"social_item social_item_style_icons social_item_type_icons\"><span class=\"social_icon social_icon_facebook\"><span class=\"icon-facebook\"><\/span><\/span><\/a><a target=\"_blank\" href=\"https:\/\/twitter.com\/BNoastra\" class=\"social_item social_item_style_icons social_item_type_icons\"><span class=\"social_icon social_icon_twitter\"><span class=\"icon-twitter\"><\/span><\/span><\/a><a target=\"_blank\" href=\"https:\/\/www.reddit.com\/user\/bereCapranoastra\/\" class=\"social_item social_item_style_icons social_item_type_icons\"><span class=\"social_icon social_icon_reddit\"><span class=\"icon-reddit\"><\/span><\/span><\/a><a target=\"_blank\" href=\"https:\/\/www.instagram.com\/capranoastra\/\" class=\"social_item social_item_style_icons social_item_type_icons\"><span class=\"social_icon social_icon_instagramm\"><span class=\"icon-instagramm\"><\/span><\/span><\/a><a target=\"_blank\" href=\"https:\/\/t.me\/capranoastra\" class=\"social_item social_item_style_icons social_item_type_icons\"><span class=\"social_icon social_icon_paper-plane-light\"><span class=\"icon-paper-plane-light\"><\/span><\/span><\/a><\/div><!-- \/.socials_wrap --><\/div><!-- \/.sc_socials --><\/div><\/div><!-- \/.sc_content -->[\/vc_column][\/vc_row][vc_row full_width=&#8221;stretch_row&#8221; hide_bg_image_on_tablet=&#8221;&#8221; hide_bg_image_on_mobile=&#8221;&#8221; row_delimiter=&#8221;&#8221; hide_on_desktop=&#8221;&#8221; hide_on_notebook=&#8221;&#8221; hide_on_tablet=&#8221;&#8221; hide_on_mobile=&#8221;&#8221; hide_on_frontpage=&#8221;&#8221; css=&#8221;.vc_custom_1630711712372{background-size: cover !important;}&#8221;][vc_column icons_position=&#8221;left&#8221;][\/vc_column][vc_column width=&#8221;1\/2&#8243; icons_position=&#8221;left&#8221;]<div id=\"sc_title_1260510548\"\n\t\tclass=\"sc_title color_style_default sc_title_default\"><h1 class=\"sc_item_title sc_title_title sc_align_left sc_item_title_style_default sc_item_title_tag\">Token Allocation Summary<\/h1><\/div><!-- \/.sc_title -->[\/vc_column][vc_column width=&#8221;1\/2&#8243; icons_position=&#8221;left&#8221;][vc_empty_space height=&#8221;1.2em&#8221; alter_height=&#8221;none&#8221; hide_on_desktop=&#8221;&#8221; hide_on_notebook=&#8221;&#8221; hide_on_tablet=&#8221;&#8221; hide_on_mobile=&#8221;&#8221;][vc_progress_bar values=&#8221;%5B%7B%22label%22%3A%22Distribuit%20prin%20Pancake%20Swap%22%2C%22value%22%3A%2250%22%7D%2C%7B%22label%22%3A%22Marketing%22%2C%22value%22%3A%2210%22%7D%2C%7B%22label%22%3A%22Parteneri%20%26%20Colaboratori%20%22%2C%22value%22%3A%2215%22%7D%2C%7B%22label%22%3A%22Dezvoltare%20Capra%20Noastra-%20Brewery%22%2C%22value%22%3A%2215%22%7D%2C%7B%22label%22%3A%22Strategy%20%26%20Operations%22%2C%22value%22%3A%2210%22%7D%5D&#8221; bgcolor=&#8221;violet&#8221; options=&#8221;striped,animated&#8221; css_animation=&#8221;fadeIn&#8221; narrow=&#8221;1&#8243; units=&#8221;%&#8221;][\/vc_column][vc_column icons_position=&#8221;left&#8221;][vc_empty_space height=&#8221;4.95em&#8221; alter_height=&#8221;none&#8221; hide_on_desktop=&#8221;&#8221; hide_on_notebook=&#8221;&#8221; hide_on_tablet=&#8221;&#8221; hide_on_mobile=&#8221;&#8221;][vc_empty_space height=&#8221;2em&#8221; alter_height=&#8221;none&#8221; hide_on_desktop=&#8221;&#8221; hide_on_notebook=&#8221;&#8221; hide_on_tablet=&#8221;&#8221; hide_on_mobile=&#8221;1&#8243;][vc_empty_space height=&#8221;2em&#8221; alter_height=&#8221;none&#8221; hide_on_desktop=&#8221;1&#8243; hide_on_notebook=&#8221;1&#8243; hide_on_tablet=&#8221;&#8221; hide_on_mobile=&#8221;1&#8243;][vc_empty_space height=&#8221;4em&#8221; alter_height=&#8221;none&#8221; hide_on_desktop=&#8221;&#8221; hide_on_notebook=&#8221;&#8221; hide_on_tablet=&#8221;1&#8243; hide_on_mobile=&#8221;1&#8243;][\/vc_column][\/vc_row][vc_row full_width=&#8221;stretch_row&#8221; hide_bg_image_on_tablet=&#8221;&#8221; hide_bg_image_on_mobile=&#8221;&#8221; css=&#8221;.vc_custom_1519902166974{background-color: #050510 !important;}&#8221;][vc_column icons_position=&#8221;left&#8221;][vc_btn title=&#8221;Descarca Whitepaper&#8221; color=&#8221;danger&#8221; align=&#8221;center&#8221; link=&#8221;url:https%3A%2F%2Fbere.capranoastra.ro%2Fro%2Fwhitepaperv1%2FWhitepaper_CapraNoastra_Token_v1_Ro.pdf|title:Capra%20Noastra%20Whitepaper|target:_blank&#8221;][vc_empty_space height=&#8221;1.1em&#8221; alter_height=&#8221;none&#8221; hide_on_desktop=&#8221;&#8221; hide_on_notebook=&#8221;&#8221; hide_on_tablet=&#8221;&#8221; hide_on_mobile=&#8221;&#8221;]<div id=\"sc_title_1143979991\"\n\t\tclass=\"sc_title color_style_default sc_title_default\"><h1 class=\"sc_item_title sc_title_title sc_align_center sc_item_title_style_default sc_item_title_tag\">Whitepaper Global Expansion<\/h1><\/div><!-- \/.sc_title -->[vc_empty_space height=&#8221;1em&#8221; alter_height=&#8221;none&#8221; hide_on_desktop=&#8221;&#8221; hide_on_notebook=&#8221;&#8221; hide_on_tablet=&#8221;&#8221; hide_on_mobile=&#8221;&#8221;][vc_empty_space height=&#8221;0.5em&#8221; alter_height=&#8221;none&#8221; hide_on_desktop=&#8221;&#8221; hide_on_notebook=&#8221;&#8221; hide_on_tablet=&#8221;1&#8243; hide_on_mobile=&#8221;1&#8243;][vc_empty_space height=&#8221;2.1em&#8221; alter_height=&#8221;none&#8221; hide_on_desktop=&#8221;&#8221; hide_on_notebook=&#8221;&#8221; hide_on_tablet=&#8221;1&#8243; hide_on_mobile=&#8221;1&#8243;][vc_empty_space height=&#8221;1em&#8221; alter_height=&#8221;none&#8221; hide_on_desktop=&#8221;&#8221; hide_on_notebook=&#8221;&#8221; hide_on_tablet=&#8221;&#8221; hide_on_mobile=&#8221;&#8221;]<div style=\"width:;\" class=\"cqtooltip-wrapper \" data-opacity=\"1\" data-tooltipanimation=\"fade\" data-tooltipstyle=\"shadow\" data-trigger=\"\" data-maxwidth=\"260\" data-marginoffset=\"\" data-isdisplayall=\"off\" data-displayednum=\"1\"><img decoding=\"async\" src=\"https:\/\/bere.capranoastra.ro\/ro\/wp-content\/uploads\/2018\/02\/image-8.jpg\" alt=\"\" \/><div class=\"cq-hotspots\"><div class=\"hotspot-item  \" style=\"top:18%;left:44%;\" data-top=\"18%\" data-left=\"44%\"><a href=\"#\" class=\"cq-tooltip\" style=\"background:#bb3a88;\" data-tooltip=\"\n&lt;img class=&quot;alignnone size-medium wp-image-3170&quot; src=&quot;https:\/\/bere.capranoastra.ro\/ro\/wp-content\/uploads\/2021\/09\/Logo-Capra-Noastra-Token-01-256x300.png&quot; alt=&quot;&quot; width=&quot;256&quot; height=&quot;300&quot; \/&gt;&lt;br \/&gt;\nAm \u00eendesat frumu\u0219el tehnologie Blockchain \u00een cadrul unui business care-a cucerit iubitorii de bere artizanal\u0103 din Rom\u00e2nia, din 2017 \u0219i-a s\u0103rit peste grani\u021b\u0103 \u00een 2019.&lt;\/p&gt;\n&lt;p&gt;&lt;a href=&quot;https:\/\/bere.capranoastra.ro\/ro\/whitepaperv1\/Whitepaper_CapraNoastra_Token_v1_Ro.pdf&quot; target=&quot;_blank&quot; rel=&quot;noopener&quot;&gt;Whitepaper Cryptocapr\u0103&lt;\/a&gt;&lt;br \/&gt;\nde la micro la \u00eenc\u0103 un r\u00e2nd pentru toat\u0103 lumea.&lt;\/p&gt;\n&lt;p&gt;\" data-arrowposition=\"\"><span style=\"background:#ffffff;\"><\/span><\/a><\/div><\/div><\/div>[\/vc_column][\/vc_row][vc_row][vc_column icons_position=&#8221;left&#8221;][\/vc_column][\/vc_row]<\/p>\n","protected":false},"excerpt":{"rendered":"<p>[vc_row][vc_column icons_position=&#8221;left&#8221;][vc_empty_space height=&#8221;2.6em&#8221; alter_height=&#8221;none&#8221; hide_on_desktop=&#8221;&#8221; hide_on_notebook=&#8221;&#8221; hide_on_tablet=&#8221;1&#8243; hide_on_mobile=&#8221;1&#8243;][\/vc_column][\/vc_row][vc_row][vc_column icons_position=&#8221;left&#8221;][vc_empty_space height=&#8221;1em&#8221; alter_height=&#8221;none&#8221; hide_on_desktop=&#8221;&#8221; hide_on_notebook=&#8221;&#8221; hide_on_tablet=&#8221;&#8221; hide_on_mobile=&#8221;&#8221;][\/vc_column][\/vc_row][vc_row full_width=&#8221;stretch_row&#8221; hide_bg_image_on_tablet=&#8221;&#8221; hide_bg_image_on_mobile=&#8221;&#8221; row_delimiter=&#8221;&#8221; hide_on_desktop=&#8221;&#8221; hide_on_notebook=&#8221;&#8221; hide_on_tablet=&#8221;&#8221; hide_on_mobile=&#8221;&#8221; hide_on_frontpage=&#8221;&#8221; css=&#8221;.vc_custom_1630711712372{background-size: cover !important;}&#8221;][vc_column icons_position=&#8221;left&#8221;][\/vc_column][vc_column width=&#8221;1\/2&#8243; icons_position=&#8221;left&#8221;][\/vc_column][vc_column width=&#8221;1\/2&#8243; icons_position=&#8221;left&#8221;][vc_empty_space height=&#8221;1.2em&#8221; alter_height=&#8221;none&#8221; hide_on_desktop=&#8221;&#8221; hide_on_notebook=&#8221;&#8221; hide_on_tablet=&#8221;&#8221; hide_on_mobile=&#8221;&#8221;][vc_progress_bar values=&#8221;%5B%7B%22label%22%3A%22Distribuit%20prin%20Pancake%20Swap%22%2C%22value%22%3A%2250%22%7D%2C%7B%22label%22%3A%22Marketing%22%2C%22value%22%3A%2210%22%7D%2C%7B%22label%22%3A%22Parteneri%20%26%20Colaboratori%20%22%2C%22value%22%3A%2215%22%7D%2C%7B%22label%22%3A%22Dezvoltare%20Capra%20Noastra-%20Brewery%22%2C%22value%22%3A%2215%22%7D%2C%7B%22label%22%3A%22Strategy%20%26%20Operations%22%2C%22value%22%3A%2210%22%7D%5D&#8221; bgcolor=&#8221;violet&#8221; options=&#8221;striped,animated&#8221; css_animation=&#8221;fadeIn&#8221; narrow=&#8221;1&#8243; units=&#8221;%&#8221;][\/vc_column][vc_column icons_position=&#8221;left&#8221;][vc_empty_space height=&#8221;4.95em&#8221; alter_height=&#8221;none&#8221; hide_on_desktop=&#8221;&#8221; hide_on_notebook=&#8221;&#8221; hide_on_tablet=&#8221;&#8221; hide_on_mobile=&#8221;&#8221;][vc_empty_space height=&#8221;2em&#8221; alter_height=&#8221;none&#8221; hide_on_desktop=&#8221;&#8221; hide_on_notebook=&#8221;&#8221; hide_on_tablet=&#8221;&#8221; hide_on_mobile=&#8221;1&#8243;][vc_empty_space height=&#8221;2em&#8221; alter_height=&#8221;none&#8221; hide_on_desktop=&#8221;1&#8243;&hellip;<\/p>\n","protected":false},"author":1,"featured_media":0,"parent":0,"menu_order":0,"comment_status":"closed","ping_status":"closed","template":"","meta":{"footnotes":""},"class_list":["post-2991","page","type-page","status-publish","hentry"],"_links":{"self":[{"href":"https:\/\/bere.capranoastra.ro\/ro\/wp-json\/wp\/v2\/pages\/2991","targetHints":{"allow":["GET"]}}],"collection":[{"href":"https:\/\/bere.capranoastra.ro\/ro\/wp-json\/wp\/v2\/pages"}],"about":[{"href":"https:\/\/bere.capranoastra.ro\/ro\/wp-json\/wp\/v2\/types\/page"}],"author":[{"embeddable":true,"href":"https:\/\/bere.capranoastra.ro\/ro\/wp-json\/wp\/v2\/users\/1"}],"replies":[{"embeddable":true,"href":"https:\/\/bere.capranoastra.ro\/ro\/wp-json\/wp\/v2\/comments?post=2991"}],"version-history":[{"count":40,"href":"https:\/\/bere.capranoastra.ro\/ro\/wp-json\/wp\/v2\/pages\/2991\/revisions"}],"predecessor-version":[{"id":3382,"href":"https:\/\/bere.capranoastra.ro\/ro\/wp-json\/wp\/v2\/pages\/2991\/revisions\/3382"}],"wp:attachment":[{"href":"https:\/\/bere.capranoastra.ro\/ro\/wp-json\/wp\/v2\/media?parent=2991"}],"curies":[{"name":"wp","href":"https:\/\/api.w.org\/{rel}","templated":true}]}}