{"id":2967,"date":"2021-07-20T14:07:45","date_gmt":"2021-07-20T14:07:45","guid":{"rendered":"https:\/\/bere.capranoastra.ro\/ro\/?page_id=2967"},"modified":"2021-09-03T22:42:58","modified_gmt":"2021-09-03T22:42:58","slug":"tokenomics","status":"publish","type":"page","link":"https:\/\/bere.capranoastra.ro\/ro\/tokenomics\/","title":{"rendered":"Tokenomics"},"content":{"rendered":"<p>[vc_row full_width=&#8221;stretch_row&#8221; hide_bg_image_on_tablet=&#8221;&#8221; hide_bg_image_on_mobile=&#8221;&#8221; css=&#8221;.vc_custom_1519809624680{background-size: cover !important;}&#8221;][vc_column width=&#8221;1\/2&#8243; icons_position=&#8221;left&#8221;]<div id=\"sc_title_200177054\"\n\t\tclass=\"sc_title color_style_default sc_title_default\"><h1 class=\"sc_item_title sc_title_title sc_align_left sc_item_title_style_default sc_item_title_tag\">Token Distribution<\/h1><\/div><!-- \/.sc_title -->[vc_empty_space height=&#8221;1em&#8221; alter_height=&#8221;none&#8221; hide_on_desktop=&#8221;&#8221; hide_on_notebook=&#8221;&#8221; hide_on_tablet=&#8221;&#8221; hide_on_mobile=&#8221;&#8221;][vc_empty_space height=&#8221;1em&#8221; alter_height=&#8221;none&#8221; hide_on_desktop=&#8221;&#8221; hide_on_notebook=&#8221;&#8221; hide_on_tablet=&#8221;&#8221; hide_on_mobile=&#8221;&#8221;][vc_empty_space height=&#8221;1em&#8221; alter_height=&#8221;none&#8221; hide_on_desktop=&#8221;&#8221; hide_on_notebook=&#8221;&#8221; hide_on_tablet=&#8221;&#8221; hide_on_mobile=&#8221;&#8221;][vc_empty_space height=&#8221;1em&#8221; alter_height=&#8221;none&#8221; hide_on_desktop=&#8221;&#8221; hide_on_notebook=&#8221;&#8221; hide_on_tablet=&#8221;&#8221; hide_on_mobile=&#8221;&#8221;]<div id=\"sc_skills_1189018355\"\n\t\tclass=\"sc_skills sc_skills_pie sc_skills_compact_on\"\n\t\t\t\tdata-type=\"pie\"\n\t\t><div class=\"sc_item_content sc_skills_content\">\n\t\t\t\t<div class=\"sc_skills_legend\"><div class=\"sc_skills_legend_item\"><span class=\"sc_skills_legend_marker\" style=\"background-color:#7d1267\"><\/span><span class=\"sc_skills_legend_title\">Distribuit prin Pancake Swap<\/span><span class=\"sc_skills_legend_value\">50%<\/span><\/div><div class=\"sc_skills_legend_item\"><span class=\"sc_skills_legend_marker\" style=\"background-color:#9f1e85\"><\/span><span class=\"sc_skills_legend_title\">Marketing<\/span><span class=\"sc_skills_legend_value\">10%<\/span><\/div><div class=\"sc_skills_legend_item\"><span class=\"sc_skills_legend_marker\" style=\"background-color:#bb3a88\"><\/span><span class=\"sc_skills_legend_title\">Parteneri &amp; Colaboratori <\/span><span class=\"sc_skills_legend_value\">15%<\/span><\/div><div class=\"sc_skills_legend_item\"><span class=\"sc_skills_legend_marker\" style=\"background-color:#d2538a\"><\/span><span class=\"sc_skills_legend_title\">Dezvoltare Capra Noastra- Brewery<\/span><span class=\"sc_skills_legend_value\">15%<\/span><\/div><div class=\"sc_skills_legend_item\"><span class=\"sc_skills_legend_marker\" style=\"background-color:#b86dc4\"><\/span><span class=\"sc_skills_legend_title\">Strategy &amp; Operations<\/span><span class=\"sc_skills_legend_value\">10%<\/span><\/div><\/div>\n\t\t\t\t<div id=\"sc_skills_1189018355_pie_item\" class=\"sc_skills_item\">\n\t\t\t\t\t<canvas id=\"sc_skills_1189018355_pie\" class=\"sc_skills_pie_canvas\"><\/canvas>\n\t\t\t\t\t<div class=\"sc_skills_data\" style=\"display:none;\"><div class=\"pie\" data-start=\"0\" data-stop=\"50\" data-step=\"1\" data-steps=\"100\" data-max=\"100\" data-speed=\"18\" data-duration=\"900\" data-color=\"#7d1267\" data-bg_color=\"#f7f7f7\" data-border_color=\"\" data-cutout=\"68\" data-easing=\"easeOutCirc\" data-ed=\"%\"><input type=\"hidden\" class=\"text\" value=\"Distribuit prin Pancake Swap\" \/><input type=\"hidden\" class=\"percent\" value=\"50\" \/><input type=\"hidden\" class=\"color\" value=\"#7d1267\" \/><\/div><div class=\"pie\" data-start=\"0\" data-stop=\"10\" data-step=\"1\" data-steps=\"100\" data-max=\"100\" data-speed=\"17\" data-duration=\"170\" data-color=\"#9f1e85\" data-bg_color=\"#f7f7f7\" data-border_color=\"\" data-cutout=\"68\" data-easing=\"easeOutCirc\" data-ed=\"%\"><input type=\"hidden\" class=\"text\" value=\"Marketing\" \/><input type=\"hidden\" class=\"percent\" value=\"10\" \/><input type=\"hidden\" class=\"color\" value=\"#9f1e85\" \/><\/div><div class=\"pie\" data-start=\"0\" data-stop=\"15\" data-step=\"1\" data-steps=\"100\" data-max=\"100\" data-speed=\"12\" data-duration=\"180\" data-color=\"#bb3a88\" data-bg_color=\"#f7f7f7\" data-border_color=\"\" data-cutout=\"68\" data-easing=\"easeOutCirc\" data-ed=\"%\"><input type=\"hidden\" class=\"text\" value=\"Parteneri &amp; Colaboratori \" \/><input type=\"hidden\" class=\"percent\" value=\"15\" \/><input type=\"hidden\" class=\"color\" value=\"#bb3a88\" \/><\/div><div class=\"pie\" data-start=\"0\" data-stop=\"15\" data-step=\"1\" data-steps=\"100\" data-max=\"100\" data-speed=\"26\" data-duration=\"390\" data-color=\"#d2538a\" data-bg_color=\"#f7f7f7\" data-border_color=\"\" data-cutout=\"68\" data-easing=\"easeOutCirc\" data-ed=\"%\"><input type=\"hidden\" class=\"text\" value=\"Dezvoltare Capra Noastra- Brewery\" \/><input type=\"hidden\" class=\"percent\" value=\"15\" \/><input type=\"hidden\" class=\"color\" value=\"#d2538a\" \/><\/div><div class=\"pie\" data-start=\"0\" data-stop=\"10\" data-step=\"1\" data-steps=\"100\" data-max=\"100\" data-speed=\"13\" data-duration=\"130\" data-color=\"#b86dc4\" data-bg_color=\"#f7f7f7\" data-border_color=\"\" data-cutout=\"68\" data-easing=\"easeOutCirc\" data-ed=\"%\"><input type=\"hidden\" class=\"text\" value=\"Strategy &amp; Operations\" \/><input type=\"hidden\" class=\"percent\" value=\"10\" \/><input type=\"hidden\" class=\"color\" value=\"#b86dc4\" \/><\/div><\/div>\n\t\t\t\t<\/div>\n\t\t\t<\/div><\/div>[vc_empty_space height=&#8221;1em&#8221; alter_height=&#8221;none&#8221; hide_on_desktop=&#8221;&#8221; hide_on_notebook=&#8221;&#8221; hide_on_tablet=&#8221;&#8221; hide_on_mobile=&#8221;&#8221;][vc_empty_space height=&#8221;0.8em&#8221; alter_height=&#8221;none&#8221; hide_on_desktop=&#8221;&#8221; hide_on_notebook=&#8221;&#8221; hide_on_tablet=&#8221;1&#8243; hide_on_mobile=&#8221;1&#8243;][\/vc_column][vc_column width=&#8221;1\/2&#8243; icons_position=&#8221;left&#8221;][vc_empty_space height=&#8221;2em&#8221; alter_height=&#8221;none&#8221; hide_on_desktop=&#8221;1&#8243; hide_on_notebook=&#8221;1&#8243; hide_on_tablet=&#8221;1&#8243; hide_on_mobile=&#8221;&#8221;]<div id=\"sc_title_1551562267\"\n\t\tclass=\"sc_title color_style_default sc_title_default\"><h1 class=\"sc_item_title sc_title_title sc_align_left sc_item_title_style_default sc_item_title_tag\">Detalii Tehnice Token Capra Noastra<\/h1><\/div><!-- \/.sc_title -->[vc_empty_space height=&#8221;2em&#8221; alter_height=&#8221;none&#8221; hide_on_desktop=&#8221;&#8221; hide_on_notebook=&#8221;&#8221; hide_on_tablet=&#8221;&#8221; hide_on_mobile=&#8221;&#8221;]<div id=\"sc_table_1522774862_wrap\" class=\"sc_table_wrap\"><div id=\"sc_table_1522774862\"\n\t\t\tclass=\"sc_table sc_table_modern trx_addons_inline_42723579\">[vc_column_text]<\/p>\n<table>\n<tbody>\n<tr>\n<td style=\"text-align: left;\">Simbol Token<\/td>\n<td style=\"text-align: left;\">$BERE<\/td>\n<\/tr>\n<tr>\n<td style=\"text-align: left;\">Total supply<\/td>\n<td style=\"text-align: left;\">1,000,000,000 $BERE<\/td>\n<\/tr>\n<tr>\n<td style=\"text-align: left;\">Infrastructura<\/td>\n<td style=\"text-align: left;\">#BSC \u2013 Binance Smart Chain<\/td>\n<\/tr>\n<tr>\n<td style=\"text-align: left;\">Adresa smart contract<\/td>\n<td style=\"text-align: left;\"><a href=\"https:\/\/bscscan.com\/token\/0x425e339793f1930c3b44c39cb1a8695114b3f94c\"><strong>0x425e339793f1930c3b44c39cb1a8695114b3f94c<\/strong><\/a><\/td>\n<\/tr>\n<tr>\n<td style=\"text-align: left;\">Pancake Swap Exchange<\/td>\n<td style=\"text-align: left;\"><a href=\"https:\/\/exchange.pancakeswap.finance\/#\/swap?outputCurrency=0x425e339793f1930c3b44c39cb1a8695114b3f94c\">Exchange.pancakeswap.finance <\/a><\/td>\n<\/tr>\n<tr>\n<td><\/td>\n<td style=\"text-align: left;\"><\/td>\n<\/tr>\n<\/tbody>\n<\/table>\n<p>[\/vc_column_text]<\/div><\/div><!-- \/.sc_table_wrap -->[\/vc_column][\/vc_row][vc_row][vc_column icons_position=&#8221;left&#8221;][vc_empty_space hide_on_desktop=&#8221;&#8221; hide_on_notebook=&#8221;&#8221; hide_on_tablet=&#8221;&#8221; hide_on_mobile=&#8221;&#8221;][vc_empty_space hide_on_desktop=&#8221;&#8221; hide_on_notebook=&#8221;&#8221; hide_on_tablet=&#8221;&#8221; hide_on_mobile=&#8221;&#8221;][vc_empty_space hide_on_desktop=&#8221;&#8221; hide_on_notebook=&#8221;&#8221; hide_on_tablet=&#8221;&#8221; hide_on_mobile=&#8221;&#8221;][vc_empty_space hide_on_desktop=&#8221;&#8221; hide_on_notebook=&#8221;&#8221; hide_on_tablet=&#8221;&#8221; hide_on_mobile=&#8221;&#8221;]<div id=\"sc_title_1935488503\"\n\t\tclass=\"sc_title color_style_default sc_title_default\"><h1 class=\"sc_item_title sc_title_title sc_align_center sc_item_title_style_default sc_item_title_tag\">De ce s\u0103 cumperi?<\/h1><\/div><!-- \/.sc_title -->[vc_empty_space hide_on_desktop=&#8221;&#8221; hide_on_notebook=&#8221;&#8221; hide_on_tablet=&#8221;&#8221; hide_on_mobile=&#8221;&#8221;][vc_empty_space height=&#8221;1.35em&#8221; alter_height=&#8221;none&#8221; hide_on_desktop=&#8221;&#8221; hide_on_notebook=&#8221;&#8221; hide_on_tablet=&#8221;&#8221; hide_on_mobile=&#8221;&#8221;][vc_empty_space height=&#8221;1.35em&#8221; alter_height=&#8221;none&#8221; hide_on_desktop=&#8221;&#8221; hide_on_notebook=&#8221;&#8221; hide_on_tablet=&#8221;&#8221; hide_on_mobile=&#8221;&#8221;]<div id=\"sc_content_1907296894\"\n\t\tclass=\"sc_content color_style_default sc_content_default sc_float_center\"><div class=\"sc_content_container\">[vc_row_inner][vc_column_inner width=&#8221;1\/2&#8243; icons_position=&#8221;left&#8221;][vc_column_text]<\/p>\n<h3>&#8211; ca o investi\u021bie solid\u0103, inovatoare &amp; de colec\u021bie, dac\u0103 e\u0219ti investitor pur-s\u00e2nge \u0219i cryptoentuziast<\/h3>\n<p>[\/vc_column_text][vc_empty_space hide_on_desktop=&#8221;&#8221; hide_on_notebook=&#8221;&#8221; hide_on_tablet=&#8221;&#8221; hide_on_mobile=&#8221;&#8221;][vc_column_text]<\/p>\n<h3>-ca s\u0103 sus\u021bii un brand local care vrea s\u0103 fac\u0103 istorie \u0219i s\u0103 se joace cu cei puternici<\/h3>\n<p>[\/vc_column_text][vc_empty_space hide_on_desktop=&#8221;&#8221; hide_on_notebook=&#8221;&#8221; hide_on_tablet=&#8221;&#8221; hide_on_mobile=&#8221;&#8221;][vc_column_text]<\/p>\n<h3>-s\u0103 po\u021bi achizi\u021biona produsele, serviciile, experien\u021bele &amp; edi\u021biile<br \/>\nlimitate Capra Noastr\u0103, dac\u0103 e\u0219ti pasionat(\u0103) de bere artizanal\u0103 \u0219i de brandul nostru \u0219ugub\u0103\u021b<\/h3>\n<p>[\/vc_column_text][\/vc_column_inner][vc_column_inner width=&#8221;1\/2&#8243; icons_position=&#8221;left&#8221;][vc_column_text]<\/p>\n<h3 style=\"text-align: left;\">&#8211; singura modalitate prin care \u00ee\u021bi po\u021bi face bere personalizat\u0103 cu noi \u00een regim private sau co-branded label dac\u0103 e\u0219ti un business, o companie, o multina\u021bional\u0103 sau ai \u0219i tu, ca omul, o nunt\u0103 fancy, o aniversare, un eveniment la care vrei s\u0103 faci impresie<\/h3>\n<p>[\/vc_column_text][vc_empty_space hide_on_desktop=&#8221;&#8221; hide_on_notebook=&#8221;&#8221; hide_on_tablet=&#8221;&#8221; hide_on_mobile=&#8221;&#8221;][vc_column_text]<\/p>\n<h3>&#8211; fiindc\u0103 e\u0219ti o persoan\u0103 deschis\u0103 la minte \u0219i vrei s\u0103 vezi cum sare capra \u00een lumea virtual\u0103.<\/h3>\n<p>[\/vc_column_text][\/vc_column_inner][\/vc_row_inner]<\/div><\/div><!-- \/.sc_content -->[vc_empty_space hide_on_desktop=&#8221;&#8221; hide_on_notebook=&#8221;&#8221; hide_on_tablet=&#8221;&#8221; hide_on_mobile=&#8221;&#8221;][vc_empty_space hide_on_desktop=&#8221;&#8221; hide_on_notebook=&#8221;&#8221; hide_on_tablet=&#8221;&#8221; hide_on_mobile=&#8221;&#8221;][vc_empty_space hide_on_desktop=&#8221;&#8221; hide_on_notebook=&#8221;&#8221; hide_on_tablet=&#8221;&#8221; hide_on_mobile=&#8221;&#8221;][\/vc_column][\/vc_row][vc_row][vc_column icons_position=&#8221;left&#8221;][\/vc_column][\/vc_row][vc_row][vc_column icons_position=&#8221;left&#8221;][\/vc_column][\/vc_row]<\/p>\n","protected":false},"excerpt":{"rendered":"<p>[vc_row full_width=&#8221;stretch_row&#8221; hide_bg_image_on_tablet=&#8221;&#8221; hide_bg_image_on_mobile=&#8221;&#8221; css=&#8221;.vc_custom_1519809624680{background-size: cover !important;}&#8221;][vc_column width=&#8221;1\/2&#8243; icons_position=&#8221;left&#8221;][vc_empty_space height=&#8221;1em&#8221; alter_height=&#8221;none&#8221; hide_on_desktop=&#8221;&#8221; hide_on_notebook=&#8221;&#8221; hide_on_tablet=&#8221;&#8221; hide_on_mobile=&#8221;&#8221;][vc_empty_space height=&#8221;1em&#8221; alter_height=&#8221;none&#8221; hide_on_desktop=&#8221;&#8221; hide_on_notebook=&#8221;&#8221; hide_on_tablet=&#8221;&#8221; hide_on_mobile=&#8221;&#8221;][vc_empty_space height=&#8221;1em&#8221; alter_height=&#8221;none&#8221; hide_on_desktop=&#8221;&#8221; hide_on_notebook=&#8221;&#8221; hide_on_tablet=&#8221;&#8221; hide_on_mobile=&#8221;&#8221;][vc_empty_space height=&#8221;1em&#8221; alter_height=&#8221;none&#8221; hide_on_desktop=&#8221;&#8221; hide_on_notebook=&#8221;&#8221; hide_on_tablet=&#8221;&#8221; hide_on_mobile=&#8221;&#8221;][vc_empty_space height=&#8221;1em&#8221; alter_height=&#8221;none&#8221; hide_on_desktop=&#8221;&#8221; hide_on_notebook=&#8221;&#8221; hide_on_tablet=&#8221;&#8221; hide_on_mobile=&#8221;&#8221;][vc_empty_space height=&#8221;0.8em&#8221; alter_height=&#8221;none&#8221; hide_on_desktop=&#8221;&#8221; hide_on_notebook=&#8221;&#8221; hide_on_tablet=&#8221;1&#8243; hide_on_mobile=&#8221;1&#8243;][\/vc_column][vc_column width=&#8221;1\/2&#8243; icons_position=&#8221;left&#8221;][vc_empty_space height=&#8221;2em&#8221; alter_height=&#8221;none&#8221; hide_on_desktop=&#8221;1&#8243; hide_on_notebook=&#8221;1&#8243; hide_on_tablet=&#8221;1&#8243; hide_on_mobile=&#8221;&#8221;][vc_empty_space height=&#8221;2em&#8221; alter_height=&#8221;none&#8221; hide_on_desktop=&#8221;&#8221; hide_on_notebook=&#8221;&#8221; hide_on_tablet=&#8221;&#8221; hide_on_mobile=&#8221;&#8221;][\/vc_column][\/vc_row][vc_row][vc_column icons_position=&#8221;left&#8221;][vc_empty_space&hellip;<\/p>\n","protected":false},"author":1,"featured_media":0,"parent":0,"menu_order":0,"comment_status":"closed","ping_status":"closed","template":"","meta":{"footnotes":""},"class_list":["post-2967","page","type-page","status-publish","hentry"],"_links":{"self":[{"href":"https:\/\/bere.capranoastra.ro\/ro\/wp-json\/wp\/v2\/pages\/2967","targetHints":{"allow":["GET"]}}],"collection":[{"href":"https:\/\/bere.capranoastra.ro\/ro\/wp-json\/wp\/v2\/pages"}],"about":[{"href":"https:\/\/bere.capranoastra.ro\/ro\/wp-json\/wp\/v2\/types\/page"}],"author":[{"embeddable":true,"href":"https:\/\/bere.capranoastra.ro\/ro\/wp-json\/wp\/v2\/users\/1"}],"replies":[{"embeddable":true,"href":"https:\/\/bere.capranoastra.ro\/ro\/wp-json\/wp\/v2\/comments?post=2967"}],"version-history":[{"count":24,"href":"https:\/\/bere.capranoastra.ro\/ro\/wp-json\/wp\/v2\/pages\/2967\/revisions"}],"predecessor-version":[{"id":3301,"href":"https:\/\/bere.capranoastra.ro\/ro\/wp-json\/wp\/v2\/pages\/2967\/revisions\/3301"}],"wp:attachment":[{"href":"https:\/\/bere.capranoastra.ro\/ro\/wp-json\/wp\/v2\/media?parent=2967"}],"curies":[{"name":"wp","href":"https:\/\/api.w.org\/{rel}","templated":true}]}}